{"id":493,"date":"2022-07-21T14:10:45","date_gmt":"2022-07-21T14:10:45","guid":{"rendered":"https:\/\/www.hypertera.com\/?product=johdonpidike-3m-command-17304-suuri-1-kpl-2"},"modified":"2022-07-21T14:10:45","modified_gmt":"2022-07-21T14:10:45","slug":"johdonpidike-3m-command-17304-suuri-1-kpl-2","status":"publish","type":"product","link":"https:\/\/www.hypertera.com\/?product=johdonpidike-3m-command-17304-suuri-1-kpl-2","title":{"rendered":"Johdonpidike, 3M Command 17304, suuri, 1 kpl\/2"},"content":{"rendered":"<p>Pit\u00e4\u00e4 esim. tietokoneen,- tulostimen,- projektorin johdot j\u00e4rjestyksess\u00e4. Voidaan irrottaa j\u00e4lki\u00e4 j\u00e4tt\u00e4m\u00e4tt\u00e4, ei vahingoita pintaa.Vahva pito. Pakkauksessa 2 kiinnikett\u00e4 ja 3 kiinnityspalaa. Pidike pit\u00e4\u00e4 max 1kg johtoja.<\/p>\n","protected":false},"excerpt":{"rendered":"<p>Pit\u00e4\u00e4 esim. tietokoneen,- tulostimen,- projektorin johdot j\u00e4rjestyksess\u00e4. Voidaan irrottaa j\u00e4lki\u00e4 j\u00e4tt\u00e4m\u00e4tt\u00e4, ei vahingoita pintaa.Vahva pito. Pakkauksessa 2 kiinnikett\u00e4 ja 3 kiinnityspalaa. Pidike pit\u00e4\u00e4 max 1kg johtoja.<\/p>\n","protected":false},"featured_media":494,"comment_status":"closed","ping_status":"closed","template":"","meta":[],"product_brand":[],"product_cat":[15],"product_tag":[191],"class_list":{"0":"post-493","1":"product","2":"type-product","3":"status-publish","4":"has-post-thumbnail","6":"product_cat-uncategorized","7":"product_tag-johdonpidikkeet","9":"first","10":"instock","11":"purchasable","12":"product-type-simple"},"jetpack_sharing_enabled":true,"_links":{"self":[{"href":"https:\/\/www.hypertera.com\/index.php?rest_route=\/wp\/v2\/product\/493","targetHints":{"allow":["GET"]}}],"collection":[{"href":"https:\/\/www.hypertera.com\/index.php?rest_route=\/wp\/v2\/product"}],"about":[{"href":"https:\/\/www.hypertera.com\/index.php?rest_route=\/wp\/v2\/types\/product"}],"replies":[{"embeddable":true,"href":"https:\/\/www.hypertera.com\/index.php?rest_route=%2Fwp%2Fv2%2Fcomments&post=493"}],"wp:featuredmedia":[{"embeddable":true,"href":"https:\/\/www.hypertera.com\/index.php?rest_route=\/wp\/v2\/media\/494"}],"wp:attachment":[{"href":"https:\/\/www.hypertera.com\/index.php?rest_route=%2Fwp%2Fv2%2Fmedia&parent=493"}],"wp:term":[{"taxonomy":"product_brand","embeddable":true,"href":"https:\/\/www.hypertera.com\/index.php?rest_route=%2Fwp%2Fv2%2Fproduct_brand&post=493"},{"taxonomy":"product_cat","embeddable":true,"href":"https:\/\/www.hypertera.com\/index.php?rest_route=%2Fwp%2Fv2%2Fproduct_cat&post=493"},{"taxonomy":"product_tag","embeddable":true,"href":"https:\/\/www.hypertera.com\/index.php?rest_route=%2Fwp%2Fv2%2Fproduct_tag&post=493"}],"curies":[{"name":"wp","href":"https:\/\/api.w.org\/{rel}","templated":true}]}}