{"id":489,"date":"2022-07-21T14:10:27","date_gmt":"2022-07-21T14:10:27","guid":{"rendered":"https:\/\/www.hypertera.com\/?product=jalkatuki-twinco-form-3131-musta-31-cm"},"modified":"2022-07-21T14:10:40","modified_gmt":"2022-07-21T14:10:40","slug":"jalkatuki-twinco-form-3131-musta-31-cm","status":"publish","type":"product","link":"https:\/\/www.hypertera.com\/?product=jalkatuki-twinco-form-3131-musta-31-cm","title":{"rendered":"Jalkatuki, Twinco Form 3131, Musta, 31 cm"},"content":{"rendered":"<p>Kromipinnoitettu metallikehys kumisilla jaloilla. Kallistus jalkaa painamalla. Helppo s\u00e4\u00e4t\u00e4\u00e4 nelj\u00e4\u00e4n eri korkeuteen. Koko: leveys 31 cm, korkeus s\u00e4\u00e4dett\u00e4viss\u00e4 6-9-12-15 cm<\/p>\n","protected":false},"excerpt":{"rendered":"<p>31 cm Twinco Form 3131 Musta Jalkatuki<\/p>\n","protected":false},"featured_media":490,"comment_status":"closed","ping_status":"closed","template":"","meta":[],"product_brand":[],"product_cat":[183,22,184,182,16],"product_tag":[185],"class_list":{"0":"post-489","1":"product","2":"type-product","3":"status-publish","4":"has-post-thumbnail","6":"product_cat-ergonomia-tuettuotteet","7":"product_cat-ergonomia","8":"product_cat-jalkatuet","9":"product_cat-tuettuotteet","10":"product_cat-tuotteet","11":"product_tag-jalkatuet","13":"first","14":"outofstock","15":"purchasable","16":"product-type-simple"},"jetpack_sharing_enabled":true,"_links":{"self":[{"href":"https:\/\/www.hypertera.com\/index.php?rest_route=\/wp\/v2\/product\/489","targetHints":{"allow":["GET"]}}],"collection":[{"href":"https:\/\/www.hypertera.com\/index.php?rest_route=\/wp\/v2\/product"}],"about":[{"href":"https:\/\/www.hypertera.com\/index.php?rest_route=\/wp\/v2\/types\/product"}],"replies":[{"embeddable":true,"href":"https:\/\/www.hypertera.com\/index.php?rest_route=%2Fwp%2Fv2%2Fcomments&post=489"}],"wp:featuredmedia":[{"embeddable":true,"href":"https:\/\/www.hypertera.com\/index.php?rest_route=\/wp\/v2\/media\/490"}],"wp:attachment":[{"href":"https:\/\/www.hypertera.com\/index.php?rest_route=%2Fwp%2Fv2%2Fmedia&parent=489"}],"wp:term":[{"taxonomy":"product_brand","embeddable":true,"href":"https:\/\/www.hypertera.com\/index.php?rest_route=%2Fwp%2Fv2%2Fproduct_brand&post=489"},{"taxonomy":"product_cat","embeddable":true,"href":"https:\/\/www.hypertera.com\/index.php?rest_route=%2Fwp%2Fv2%2Fproduct_cat&post=489"},{"taxonomy":"product_tag","embeddable":true,"href":"https:\/\/www.hypertera.com\/index.php?rest_route=%2Fwp%2Fv2%2Fproduct_tag&post=489"}],"curies":[{"name":"wp","href":"https:\/\/api.w.org\/{rel}","templated":true}]}}