{"id":487,"date":"2022-07-21T14:10:27","date_gmt":"2022-07-21T14:10:27","guid":{"rendered":"https:\/\/www.hypertera.com\/?product=x-jalkatuki-saadettava-mustapoistunut"},"modified":"2022-07-21T14:10:40","modified_gmt":"2022-07-21T14:10:40","slug":"x-jalkatuki-saadettava-mustapoistunut","status":"publish","type":"product","link":"https:\/\/www.hypertera.com\/?product=x-jalkatuki-saadettava-mustapoistunut","title":{"rendered":"X Jalkatuki, S\u00e4\u00e4dett\u00e4v\u00e4, musta(POISTUNUT)"},"content":{"rendered":"<p>S\u00e4\u00e4dett\u00e4v\u00e4 jalkatuki Liukumaton kumipinta Koko: 400mm(P)*350mm(L)*70mm(K) V\u00e4hent\u00e4\u00e4 jalkojen v\u00e4symist\u00e4. S\u00e4\u00e4dett\u00e4v\u00e4 korkeus 7 &#8211; 13 cm Nelj\u00e4 kallistuskulmaa: 6, 12, 16 tai 25 astetta<\/p>\n","protected":false},"excerpt":{"rendered":"<p>S\u00e4\u00e4dett\u00e4v\u00e4 jalkatuki Liukumaton kumipinta Koko: 400mm(P)*350mm(L)*70mm(K) V\u00e4hent\u00e4\u00e4 jalkojen v\u00e4symist\u00e4. S\u00e4\u00e4dett\u00e4v\u00e4 korkeus 7 &#8211; 13 cm Nelj\u00e4 kallistuskulmaa: 6, 12, 16 tai 25 astetta<\/p>\n","protected":false},"featured_media":488,"comment_status":"closed","ping_status":"closed","template":"","meta":[],"product_brand":[],"product_cat":[22,183,184,182,16],"product_tag":[185],"class_list":{"0":"post-487","1":"product","2":"type-product","3":"status-publish","4":"has-post-thumbnail","6":"product_cat-ergonomia","7":"product_cat-ergonomia-tuettuotteet","8":"product_cat-jalkatuet","9":"product_cat-tuettuotteet","10":"product_cat-tuotteet","11":"product_tag-jalkatuet","13":"first","14":"instock","15":"purchasable","16":"product-type-simple"},"jetpack_sharing_enabled":true,"_links":{"self":[{"href":"https:\/\/www.hypertera.com\/index.php?rest_route=\/wp\/v2\/product\/487","targetHints":{"allow":["GET"]}}],"collection":[{"href":"https:\/\/www.hypertera.com\/index.php?rest_route=\/wp\/v2\/product"}],"about":[{"href":"https:\/\/www.hypertera.com\/index.php?rest_route=\/wp\/v2\/types\/product"}],"replies":[{"embeddable":true,"href":"https:\/\/www.hypertera.com\/index.php?rest_route=%2Fwp%2Fv2%2Fcomments&post=487"}],"wp:featuredmedia":[{"embeddable":true,"href":"https:\/\/www.hypertera.com\/index.php?rest_route=\/wp\/v2\/media\/488"}],"wp:attachment":[{"href":"https:\/\/www.hypertera.com\/index.php?rest_route=%2Fwp%2Fv2%2Fmedia&parent=487"}],"wp:term":[{"taxonomy":"product_brand","embeddable":true,"href":"https:\/\/www.hypertera.com\/index.php?rest_route=%2Fwp%2Fv2%2Fproduct_brand&post=487"},{"taxonomy":"product_cat","embeddable":true,"href":"https:\/\/www.hypertera.com\/index.php?rest_route=%2Fwp%2Fv2%2Fproduct_cat&post=487"},{"taxonomy":"product_tag","embeddable":true,"href":"https:\/\/www.hypertera.com\/index.php?rest_route=%2Fwp%2Fv2%2Fproduct_tag&post=487"}],"curies":[{"name":"wp","href":"https:\/\/api.w.org\/{rel}","templated":true}]}}