{"id":483,"date":"2022-07-21T14:10:27","date_gmt":"2022-07-21T14:10:27","guid":{"rendered":"https:\/\/www.hypertera.com\/?product=jalkatuki-active-musta"},"modified":"2022-07-21T14:10:31","modified_gmt":"2022-07-21T14:10:31","slug":"jalkatuki-active-musta","status":"publish","type":"product","link":"https:\/\/www.hypertera.com\/?product=jalkatuki-active-musta","title":{"rendered":"Jalkatuki, Active, musta"},"content":{"rendered":"<p>TARJOUSHINTA 10.4.2016 asti: Jalkatuesta -10 eur alennus. Hinta normaalisti 49eur\/kpl (alv 0%).   Ergonominen jalkatuki, jossa on kolme korkeustasoa (korkeudet 6, 9 ja 12 cm). Kullakin korkeustasolla voit s\u00e4\u00e4t\u00e4\u00e4 my\u00f6s jalkatuen kallistuskulmaa.<\/p>\n","protected":false},"excerpt":{"rendered":"<p>Musta Twin Active Jalkatuki<\/p>\n","protected":false},"featured_media":484,"comment_status":"closed","ping_status":"closed","template":"","meta":[],"product_brand":[],"product_cat":[22,183,184,182,16],"product_tag":[185],"class_list":{"0":"post-483","1":"product","2":"type-product","3":"status-publish","4":"has-post-thumbnail","6":"product_cat-ergonomia","7":"product_cat-ergonomia-tuettuotteet","8":"product_cat-jalkatuet","9":"product_cat-tuettuotteet","10":"product_cat-tuotteet","11":"product_tag-jalkatuet","13":"first","14":"instock","15":"purchasable","16":"product-type-simple"},"jetpack_sharing_enabled":true,"_links":{"self":[{"href":"https:\/\/www.hypertera.com\/index.php?rest_route=\/wp\/v2\/product\/483","targetHints":{"allow":["GET"]}}],"collection":[{"href":"https:\/\/www.hypertera.com\/index.php?rest_route=\/wp\/v2\/product"}],"about":[{"href":"https:\/\/www.hypertera.com\/index.php?rest_route=\/wp\/v2\/types\/product"}],"replies":[{"embeddable":true,"href":"https:\/\/www.hypertera.com\/index.php?rest_route=%2Fwp%2Fv2%2Fcomments&post=483"}],"wp:featuredmedia":[{"embeddable":true,"href":"https:\/\/www.hypertera.com\/index.php?rest_route=\/wp\/v2\/media\/484"}],"wp:attachment":[{"href":"https:\/\/www.hypertera.com\/index.php?rest_route=%2Fwp%2Fv2%2Fmedia&parent=483"}],"wp:term":[{"taxonomy":"product_brand","embeddable":true,"href":"https:\/\/www.hypertera.com\/index.php?rest_route=%2Fwp%2Fv2%2Fproduct_brand&post=483"},{"taxonomy":"product_cat","embeddable":true,"href":"https:\/\/www.hypertera.com\/index.php?rest_route=%2Fwp%2Fv2%2Fproduct_cat&post=483"},{"taxonomy":"product_tag","embeddable":true,"href":"https:\/\/www.hypertera.com\/index.php?rest_route=%2Fwp%2Fv2%2Fproduct_tag&post=483"}],"curies":[{"name":"wp","href":"https:\/\/api.w.org\/{rel}","templated":true}]}}