{"id":477,"date":"2022-07-21T14:10:27","date_gmt":"2022-07-21T14:10:27","guid":{"rendered":"https:\/\/www.hypertera.com\/?product=isoikkunakuori-e4-ahst-90x60-valkoinen-1-ltk-500"},"modified":"2022-07-21T14:10:28","modified_gmt":"2022-07-21T14:10:28","slug":"isoikkunakuori-e4-ahst-90x60-valkoinen-1-ltk-500","status":"publish","type":"product","link":"https:\/\/www.hypertera.com\/?product=isoikkunakuori-e4-ahst-90x60-valkoinen-1-ltk-500","title":{"rendered":"Isoikkunakuori, E4, AHST, 90&#215;60, valkoinen, 1 ltk\/500"},"content":{"rendered":"<p>Ikkunallinen tarrakirjekuori irrotettavalla suojateipill\u00e4. Kuoren koko 220 x 312 mm, ikkunan koko 90 x 60 mm. Ikkunan sijainti 18 mm vasemmalta ja 112 mm ylh\u00e4\u00e4lt\u00e4.<\/p>\n","protected":false},"excerpt":{"rendered":"<p>Ikkunallinen tarrakirjekuori irrotettavalla suojateipill\u00e4. Kuoren koko 220 x 312 mm, ikkunan koko 90 x 60 mm. Ikkunan sijainti 18 mm vasemmalta ja 112 mm ylh\u00e4\u00e4lt\u00e4.<\/p>\n","protected":false},"featured_media":478,"comment_status":"closed","ping_status":"closed","template":"","meta":[],"product_brand":[],"product_cat":[15],"product_tag":[179],"class_list":{"0":"post-477","1":"product","2":"type-product","3":"status-publish","4":"has-post-thumbnail","6":"product_cat-uncategorized","7":"product_tag-isoikkunakuoret","9":"first","10":"instock","11":"purchasable","12":"product-type-simple"},"jetpack_sharing_enabled":true,"_links":{"self":[{"href":"https:\/\/www.hypertera.com\/index.php?rest_route=\/wp\/v2\/product\/477","targetHints":{"allow":["GET"]}}],"collection":[{"href":"https:\/\/www.hypertera.com\/index.php?rest_route=\/wp\/v2\/product"}],"about":[{"href":"https:\/\/www.hypertera.com\/index.php?rest_route=\/wp\/v2\/types\/product"}],"replies":[{"embeddable":true,"href":"https:\/\/www.hypertera.com\/index.php?rest_route=%2Fwp%2Fv2%2Fcomments&post=477"}],"wp:featuredmedia":[{"embeddable":true,"href":"https:\/\/www.hypertera.com\/index.php?rest_route=\/wp\/v2\/media\/478"}],"wp:attachment":[{"href":"https:\/\/www.hypertera.com\/index.php?rest_route=%2Fwp%2Fv2%2Fmedia&parent=477"}],"wp:term":[{"taxonomy":"product_brand","embeddable":true,"href":"https:\/\/www.hypertera.com\/index.php?rest_route=%2Fwp%2Fv2%2Fproduct_brand&post=477"},{"taxonomy":"product_cat","embeddable":true,"href":"https:\/\/www.hypertera.com\/index.php?rest_route=%2Fwp%2Fv2%2Fproduct_cat&post=477"},{"taxonomy":"product_tag","embeddable":true,"href":"https:\/\/www.hypertera.com\/index.php?rest_route=%2Fwp%2Fv2%2Fproduct_tag&post=477"}],"curies":[{"name":"wp","href":"https:\/\/api.w.org\/{rel}","templated":true}]}}