{"id":457,"date":"2022-07-21T14:09:57","date_gmt":"2022-07-21T14:09:57","guid":{"rendered":"https:\/\/www.hypertera.com\/?product=irrotettava-lasertarra-avery-l6035-20-keltainen-635x339-1-pkt-480"},"modified":"2022-07-21T14:09:59","modified_gmt":"2022-07-21T14:09:59","slug":"irrotettava-lasertarra-avery-l6035-20-keltainen-635x339-1-pkt-480","status":"publish","type":"product","link":"https:\/\/www.hypertera.com\/?product=irrotettava-lasertarra-avery-l6035-20-keltainen-635x339-1-pkt-480","title":{"rendered":"Irrotettava lasertarra, Avery L6035-20, keltainen, 63,5&#215;33,9, 1 pkt\/480"},"content":{"rendered":"<p>Keltaisilla irrotettavilla tarroilla erotat asiakirjat ja voit merkit\u00e4 esimerkiksi asioiden m\u00e4\u00e4r\u00e4p\u00e4iv\u00e4t kansioihin. K\u00e4y laser-, v\u00e4rilaser- ja mustesuihkutulostimiin.  Tulostuksen suunnitteluun voit k\u00e4ytt\u00e4\u00e4 helppok\u00e4ytt\u00f6ist\u00e4, ilmaista Averyn tarrapohjat sis\u00e4lt\u00e4v\u00e4\u00e4 ohjelmaa, jonka voit ladata t\u00e4st\u00e4 .  Tarrojen koko: 63,5 x 33,9 mm, 20 arkkia pakkauksessa, 24 tarraa\/arkki, yhteens\u00e4 480 tarraa.<\/p>\n","protected":false},"excerpt":{"rendered":"<p>Keltaisilla irrotettavilla tarroilla erotat asiakirjat ja voit merkit\u00e4 esimerkiksi asioiden m\u00e4\u00e4r\u00e4p\u00e4iv\u00e4t kansioihin. K\u00e4y laser-, v\u00e4rilaser- ja mustesuihkutulostimiin. Tulostuksen suunnitteluun voit k\u00e4ytt\u00e4\u00e4 helppok\u00e4ytt\u00f6ist\u00e4, ilmaista Averyn tarrapohjat sis\u00e4lt\u00e4v\u00e4\u00e4 ohjelmaa, jonka voit ladata t\u00e4st\u00e4 . Tarrojen koko: 63,5 x 33,9 mm, 20 arkkia pakkauksessa, 24 tarraa\/arkki, yhteens\u00e4 480 tarraa.<\/p>\n","protected":false},"featured_media":458,"comment_status":"closed","ping_status":"closed","template":"","meta":[],"product_brand":[],"product_cat":[104,174,175,172,173,30,16],"product_tag":[176],"class_list":{"0":"post-457","1":"product","2":"type-product","3":"status-publish","4":"has-post-thumbnail","6":"product_cat-etiketit-tarrat-ja-nimilappukotelot","7":"product_cat-etiketit-tarrat-ja-nimilappukotelot-toimistotarvikkeet-monitoimitarrattuotteet","8":"product_cat-kopiotarrat","9":"product_cat-monitoimitarrattuotteet","10":"product_cat-toimistotarvikkeet-monitoimitarrattuotteet","11":"product_cat-toimistotarvikkeet","12":"product_cat-tuotteet","13":"product_tag-lasertarrat","15":"first","16":"instock","17":"purchasable","18":"product-type-simple"},"jetpack_sharing_enabled":true,"_links":{"self":[{"href":"https:\/\/www.hypertera.com\/index.php?rest_route=\/wp\/v2\/product\/457","targetHints":{"allow":["GET"]}}],"collection":[{"href":"https:\/\/www.hypertera.com\/index.php?rest_route=\/wp\/v2\/product"}],"about":[{"href":"https:\/\/www.hypertera.com\/index.php?rest_route=\/wp\/v2\/types\/product"}],"replies":[{"embeddable":true,"href":"https:\/\/www.hypertera.com\/index.php?rest_route=%2Fwp%2Fv2%2Fcomments&post=457"}],"wp:featuredmedia":[{"embeddable":true,"href":"https:\/\/www.hypertera.com\/index.php?rest_route=\/wp\/v2\/media\/458"}],"wp:attachment":[{"href":"https:\/\/www.hypertera.com\/index.php?rest_route=%2Fwp%2Fv2%2Fmedia&parent=457"}],"wp:term":[{"taxonomy":"product_brand","embeddable":true,"href":"https:\/\/www.hypertera.com\/index.php?rest_route=%2Fwp%2Fv2%2Fproduct_brand&post=457"},{"taxonomy":"product_cat","embeddable":true,"href":"https:\/\/www.hypertera.com\/index.php?rest_route=%2Fwp%2Fv2%2Fproduct_cat&post=457"},{"taxonomy":"product_tag","embeddable":true,"href":"https:\/\/www.hypertera.com\/index.php?rest_route=%2Fwp%2Fv2%2Fproduct_tag&post=457"}],"curies":[{"name":"wp","href":"https:\/\/api.w.org\/{rel}","templated":true}]}}