{"id":455,"date":"2022-07-21T14:09:57","date_gmt":"2022-07-21T14:09:57","guid":{"rendered":"https:\/\/www.hypertera.com\/?product=irroitettava-tulostintarra-avery-l7101rev-ovaali-63-5x42-3-valkoinen"},"modified":"2022-07-21T14:09:58","modified_gmt":"2022-07-21T14:09:58","slug":"irroitettava-tulostintarra-avery-l7101rev-ovaali-63-5x42-3-valkoinen","status":"publish","type":"product","link":"https:\/\/www.hypertera.com\/?product=irroitettava-tulostintarra-avery-l7101rev-ovaali-63-5x42-3-valkoinen","title":{"rendered":"Irroitettava tulostintarra, Avery L7101REV, Ovaali, 63.5&#215;42.3, valkoinen"},"content":{"rendered":"<p>Ovaalin muotoisia irroitettavia tuote-etikettej\u00e4, L7101REV, 63.5&#215;42.3, 18 tarraa\/arkki, 20 arkkia\/pkt, yhteens\u00e4 paketissa 360 irroitettavaa etiketti\u00e4. Yhteensopivuus: Laser, Colour laser, Inkjet.  Tee omat persoonalliset tarrat tuotteillesi! Saat niill\u00e4 tuotteellesi yksil\u00f6llisen, luonnonmukaisen ilmeen. Tarrat sopivat sek\u00e4 laser-, v\u00e4rilaser- ett\u00e4 mustesuihkutulostukseen. Tulostuksen suunnitteluun voit k\u00e4ytt\u00e4\u00e4 helppok\u00e4ytt\u00f6ist\u00e4, Averyn tarrapohjat sis\u00e4lt\u00e4v\u00e4\u00e4 ohjelmaa, jonka voit ladata t\u00e4st\u00e4.<\/p>\n","protected":false},"excerpt":{"rendered":"<p>63.5&#215;42.3 Avery L7101REV Ovaali valkoinen tulostintarra<\/p>\n","protected":false},"featured_media":456,"comment_status":"closed","ping_status":"closed","template":"","meta":[],"product_brand":[],"product_cat":[15],"product_tag":[171],"class_list":{"0":"post-455","1":"product","2":"type-product","3":"status-publish","4":"has-post-thumbnail","6":"product_cat-uncategorized","7":"product_tag-irroitettavat-tarrat","9":"first","10":"instock","11":"purchasable","12":"product-type-simple"},"jetpack_sharing_enabled":true,"_links":{"self":[{"href":"https:\/\/www.hypertera.com\/index.php?rest_route=\/wp\/v2\/product\/455","targetHints":{"allow":["GET"]}}],"collection":[{"href":"https:\/\/www.hypertera.com\/index.php?rest_route=\/wp\/v2\/product"}],"about":[{"href":"https:\/\/www.hypertera.com\/index.php?rest_route=\/wp\/v2\/types\/product"}],"replies":[{"embeddable":true,"href":"https:\/\/www.hypertera.com\/index.php?rest_route=%2Fwp%2Fv2%2Fcomments&post=455"}],"wp:featuredmedia":[{"embeddable":true,"href":"https:\/\/www.hypertera.com\/index.php?rest_route=\/wp\/v2\/media\/456"}],"wp:attachment":[{"href":"https:\/\/www.hypertera.com\/index.php?rest_route=%2Fwp%2Fv2%2Fmedia&parent=455"}],"wp:term":[{"taxonomy":"product_brand","embeddable":true,"href":"https:\/\/www.hypertera.com\/index.php?rest_route=%2Fwp%2Fv2%2Fproduct_brand&post=455"},{"taxonomy":"product_cat","embeddable":true,"href":"https:\/\/www.hypertera.com\/index.php?rest_route=%2Fwp%2Fv2%2Fproduct_cat&post=455"},{"taxonomy":"product_tag","embeddable":true,"href":"https:\/\/www.hypertera.com\/index.php?rest_route=%2Fwp%2Fv2%2Fproduct_tag&post=455"}],"curies":[{"name":"wp","href":"https:\/\/api.w.org\/{rel}","templated":true}]}}