{"id":451,"date":"2022-07-21T14:09:34","date_gmt":"2022-07-21T14:09:34","guid":{"rendered":"https:\/\/www.hypertera.com\/?product=irroitettava-tarra-avery-l7125-45-7x25-4-1-pkt-320"},"modified":"2022-07-21T14:09:54","modified_gmt":"2022-07-21T14:09:54","slug":"irroitettava-tarra-avery-l7125-45-7x25-4-1-pkt-320","status":"publish","type":"product","link":"https:\/\/www.hypertera.com\/?product=irroitettava-tarra-avery-l7125-45-7x25-4-1-pkt-320","title":{"rendered":"Irroitettava tarra, Avery L7125, 45.7&#215;25.4, 1 pkt\/320"},"content":{"rendered":"<p>Eritt\u00e4in vahvoja tarroja tuotteiden etiket\u00f6intiin. Voidaan k\u00e4ytt\u00e4\u00e4 sis\u00e4- ja ulkotiloissa. Soveltuu erinomaisesti tuotteille, jotka altistuvat vaihteleville l\u00e4mp\u00f6tiloille. Valmistettu eritt\u00e4in vahvasta ja kest\u00e4v\u00e4st\u00e4 polyesterimateriaalista. Kest\u00e4\u00e4 \u00f6ljy\u00e4, likaa, UV-s\u00e4teily\u00e4, l\u00e4mp\u00f6tilan vaihtelua (-20 aina +80 asti).<\/p>\n","protected":false},"excerpt":{"rendered":"<p>Avery L7125 45.7&#215;25.4 Irroitettava tarra, 1 pkt\/320<\/p>\n","protected":false},"featured_media":452,"comment_status":"closed","ping_status":"closed","template":"","meta":[],"product_brand":[],"product_cat":[15],"product_tag":[171],"class_list":{"0":"post-451","1":"product","2":"type-product","3":"status-publish","4":"has-post-thumbnail","6":"product_cat-uncategorized","7":"product_tag-irroitettavat-tarrat","9":"first","10":"instock","11":"purchasable","12":"product-type-simple"},"jetpack_sharing_enabled":true,"_links":{"self":[{"href":"https:\/\/www.hypertera.com\/index.php?rest_route=\/wp\/v2\/product\/451","targetHints":{"allow":["GET"]}}],"collection":[{"href":"https:\/\/www.hypertera.com\/index.php?rest_route=\/wp\/v2\/product"}],"about":[{"href":"https:\/\/www.hypertera.com\/index.php?rest_route=\/wp\/v2\/types\/product"}],"replies":[{"embeddable":true,"href":"https:\/\/www.hypertera.com\/index.php?rest_route=%2Fwp%2Fv2%2Fcomments&post=451"}],"wp:featuredmedia":[{"embeddable":true,"href":"https:\/\/www.hypertera.com\/index.php?rest_route=\/wp\/v2\/media\/452"}],"wp:attachment":[{"href":"https:\/\/www.hypertera.com\/index.php?rest_route=%2Fwp%2Fv2%2Fmedia&parent=451"}],"wp:term":[{"taxonomy":"product_brand","embeddable":true,"href":"https:\/\/www.hypertera.com\/index.php?rest_route=%2Fwp%2Fv2%2Fproduct_brand&post=451"},{"taxonomy":"product_cat","embeddable":true,"href":"https:\/\/www.hypertera.com\/index.php?rest_route=%2Fwp%2Fv2%2Fproduct_cat&post=451"},{"taxonomy":"product_tag","embeddable":true,"href":"https:\/\/www.hypertera.com\/index.php?rest_route=%2Fwp%2Fv2%2Fproduct_tag&post=451"}],"curies":[{"name":"wp","href":"https:\/\/api.w.org\/{rel}","templated":true}]}}