{"id":447,"date":"2022-07-21T14:09:34","date_gmt":"2022-07-21T14:09:34","guid":{"rendered":"https:\/\/www.hypertera.com\/?product=irroitettava-kyltti-avery-l7123-199-6x143-5mm-1-pkt-16"},"modified":"2022-07-21T14:09:53","modified_gmt":"2022-07-21T14:09:53","slug":"irroitettava-kyltti-avery-l7123-199-6x143-5mm-1-pkt-16","status":"publish","type":"product","link":"https:\/\/www.hypertera.com\/?product=irroitettava-kyltti-avery-l7123-199-6x143-5mm-1-pkt-16","title":{"rendered":"Irroitettava kyltti, Avery L7123, 199.6&#215;143.5mm, 1 pkt\/16"},"content":{"rendered":"<p>Irroitettavalla kyltill\u00e4 voit itse tulostaa huippulaatuisia kylttej\u00e4 sis\u00e4- ja ulkokaytt\u00f6\u00f6n. Erinomainen muunmuassa varoituskyltteihin, mainoksiin, tuote- tai kaupantietojen tulostamiseen. Valmistettu eritt\u00e4in vahvasta ja kest\u00e4v\u00e4st\u00e4 polyesterimateriaalista. Kest\u00e4\u00e4 \u00f6ljy\u00e4. likaa, UV-s\u00e4teily\u00e4, l\u00e4mp\u00f6tilan vaihtelua (-20 aina +80 asti).<\/p>\n","protected":false},"excerpt":{"rendered":"<p>Avery L7123 199.6&#215;143.5mm Irroitettava kyltti, 1 pkt\/16<\/p>\n","protected":false},"featured_media":448,"comment_status":"closed","ping_status":"closed","template":"","meta":[],"product_brand":[],"product_cat":[15],"product_tag":[170],"class_list":{"0":"post-447","1":"product","2":"type-product","3":"status-publish","4":"has-post-thumbnail","6":"product_cat-uncategorized","7":"product_tag-irroitettavat-kyltit","9":"first","10":"instock","11":"purchasable","12":"product-type-simple"},"jetpack_sharing_enabled":true,"_links":{"self":[{"href":"https:\/\/www.hypertera.com\/index.php?rest_route=\/wp\/v2\/product\/447","targetHints":{"allow":["GET"]}}],"collection":[{"href":"https:\/\/www.hypertera.com\/index.php?rest_route=\/wp\/v2\/product"}],"about":[{"href":"https:\/\/www.hypertera.com\/index.php?rest_route=\/wp\/v2\/types\/product"}],"replies":[{"embeddable":true,"href":"https:\/\/www.hypertera.com\/index.php?rest_route=%2Fwp%2Fv2%2Fcomments&post=447"}],"wp:featuredmedia":[{"embeddable":true,"href":"https:\/\/www.hypertera.com\/index.php?rest_route=\/wp\/v2\/media\/448"}],"wp:attachment":[{"href":"https:\/\/www.hypertera.com\/index.php?rest_route=%2Fwp%2Fv2%2Fmedia&parent=447"}],"wp:term":[{"taxonomy":"product_brand","embeddable":true,"href":"https:\/\/www.hypertera.com\/index.php?rest_route=%2Fwp%2Fv2%2Fproduct_brand&post=447"},{"taxonomy":"product_cat","embeddable":true,"href":"https:\/\/www.hypertera.com\/index.php?rest_route=%2Fwp%2Fv2%2Fproduct_cat&post=447"},{"taxonomy":"product_tag","embeddable":true,"href":"https:\/\/www.hypertera.com\/index.php?rest_route=%2Fwp%2Fv2%2Fproduct_tag&post=447"}],"curies":[{"name":"wp","href":"https:\/\/api.w.org\/{rel}","templated":true}]}}