{"id":433,"date":"2022-07-21T14:09:34","date_gmt":"2022-07-21T14:09:34","guid":{"rendered":"https:\/\/www.hypertera.com\/?product=huopakyna-viisto-punainen"},"modified":"2022-07-21T14:09:34","modified_gmt":"2022-07-21T14:09:34","slug":"huopakyna-viisto-punainen","status":"publish","type":"product","link":"https:\/\/www.hypertera.com\/?product=huopakyna-viisto-punainen","title":{"rendered":"Huopakyn\u00e4, viisto, punainen"},"content":{"rendered":"<p>Alkoholipohjainen, mietotuoksuinen muste. Muste kuivuu nopeasti ja on vedenkest\u00e4v\u00e4. Soveltuu l\u00e4hes kaikille pinnoille. Viistok\u00e4rki. Viivan leveys 2-5 mm.<\/p>\n","protected":false},"excerpt":{"rendered":"<p>Alkoholipohjainen, mietotuoksuinen muste. Muste kuivuu nopeasti ja on vedenkest\u00e4v\u00e4. Soveltuu l\u00e4hes kaikille pinnoille. Viistok\u00e4rki. Viivan leveys 2-5 mm.<\/p>\n","protected":false},"featured_media":434,"comment_status":"closed","ping_status":"closed","template":"","meta":[],"product_brand":[],"product_cat":[165,56,164,163,30,16,162],"product_tag":[166],"class_list":{"0":"post-433","1":"product","2":"type-product","3":"status-publish","4":"has-post-thumbnail","6":"product_cat-huopakynat","7":"product_cat-kynat","8":"product_cat-kynat-toimistotarvikkeet-tussittuotteet","9":"product_cat-toimistotarvikkeet-tussittuotteet","10":"product_cat-toimistotarvikkeet","11":"product_cat-tuotteet","12":"product_cat-tussittuotteet","13":"product_tag-huopakynat","15":"first","16":"outofstock","17":"purchasable","18":"product-type-simple"},"jetpack_sharing_enabled":true,"_links":{"self":[{"href":"https:\/\/www.hypertera.com\/index.php?rest_route=\/wp\/v2\/product\/433","targetHints":{"allow":["GET"]}}],"collection":[{"href":"https:\/\/www.hypertera.com\/index.php?rest_route=\/wp\/v2\/product"}],"about":[{"href":"https:\/\/www.hypertera.com\/index.php?rest_route=\/wp\/v2\/types\/product"}],"replies":[{"embeddable":true,"href":"https:\/\/www.hypertera.com\/index.php?rest_route=%2Fwp%2Fv2%2Fcomments&post=433"}],"wp:featuredmedia":[{"embeddable":true,"href":"https:\/\/www.hypertera.com\/index.php?rest_route=\/wp\/v2\/media\/434"}],"wp:attachment":[{"href":"https:\/\/www.hypertera.com\/index.php?rest_route=%2Fwp%2Fv2%2Fmedia&parent=433"}],"wp:term":[{"taxonomy":"product_brand","embeddable":true,"href":"https:\/\/www.hypertera.com\/index.php?rest_route=%2Fwp%2Fv2%2Fproduct_brand&post=433"},{"taxonomy":"product_cat","embeddable":true,"href":"https:\/\/www.hypertera.com\/index.php?rest_route=%2Fwp%2Fv2%2Fproduct_cat&post=433"},{"taxonomy":"product_tag","embeddable":true,"href":"https:\/\/www.hypertera.com\/index.php?rest_route=%2Fwp%2Fv2%2Fproduct_tag&post=433"}],"curies":[{"name":"wp","href":"https:\/\/api.w.org\/{rel}","templated":true}]}}