{"id":429,"date":"2022-07-21T14:09:16","date_gmt":"2022-07-21T14:09:16","guid":{"rendered":"https:\/\/www.hypertera.com\/?product=huopakyna-textmark-750-punainen"},"modified":"2022-07-21T14:09:29","modified_gmt":"2022-07-21T14:09:29","slug":"huopakyna-textmark-750-punainen","status":"publish","type":"product","link":"https:\/\/www.hypertera.com\/?product=huopakyna-textmark-750-punainen","title":{"rendered":"Huopakyn\u00e4, Textmark 750, punainen"},"content":{"rendered":"<p>Pysyv\u00e4, ksyleeniton muste. Viistok\u00e4rki akryylia. Viivan leveys 2-5mm.<\/p>\n","protected":false},"excerpt":{"rendered":"<p>Pysyv\u00e4, ksyleeniton muste. Viistok\u00e4rki akryylia. Viivan leveys 2-5mm.<\/p>\n","protected":false},"featured_media":430,"comment_status":"closed","ping_status":"closed","template":"","meta":[],"product_brand":[],"product_cat":[165,164,56,30,163,16,162],"product_tag":[166],"class_list":{"0":"post-429","1":"product","2":"type-product","3":"status-publish","4":"has-post-thumbnail","6":"product_cat-huopakynat","7":"product_cat-kynat-toimistotarvikkeet-tussittuotteet","8":"product_cat-kynat","9":"product_cat-toimistotarvikkeet","10":"product_cat-toimistotarvikkeet-tussittuotteet","11":"product_cat-tuotteet","12":"product_cat-tussittuotteet","13":"product_tag-huopakynat","15":"first","16":"instock","17":"purchasable","18":"product-type-simple"},"jetpack_sharing_enabled":true,"_links":{"self":[{"href":"https:\/\/www.hypertera.com\/index.php?rest_route=\/wp\/v2\/product\/429","targetHints":{"allow":["GET"]}}],"collection":[{"href":"https:\/\/www.hypertera.com\/index.php?rest_route=\/wp\/v2\/product"}],"about":[{"href":"https:\/\/www.hypertera.com\/index.php?rest_route=\/wp\/v2\/types\/product"}],"replies":[{"embeddable":true,"href":"https:\/\/www.hypertera.com\/index.php?rest_route=%2Fwp%2Fv2%2Fcomments&post=429"}],"wp:featuredmedia":[{"embeddable":true,"href":"https:\/\/www.hypertera.com\/index.php?rest_route=\/wp\/v2\/media\/430"}],"wp:attachment":[{"href":"https:\/\/www.hypertera.com\/index.php?rest_route=%2Fwp%2Fv2%2Fmedia&parent=429"}],"wp:term":[{"taxonomy":"product_brand","embeddable":true,"href":"https:\/\/www.hypertera.com\/index.php?rest_route=%2Fwp%2Fv2%2Fproduct_brand&post=429"},{"taxonomy":"product_cat","embeddable":true,"href":"https:\/\/www.hypertera.com\/index.php?rest_route=%2Fwp%2Fv2%2Fproduct_cat&post=429"},{"taxonomy":"product_tag","embeddable":true,"href":"https:\/\/www.hypertera.com\/index.php?rest_route=%2Fwp%2Fv2%2Fproduct_tag&post=429"}],"curies":[{"name":"wp","href":"https:\/\/api.w.org\/{rel}","templated":true}]}}