{"id":421,"date":"2022-07-21T14:09:16","date_gmt":"2022-07-21T14:09:16","guid":{"rendered":"https:\/\/www.hypertera.com\/?product=huopakyna-pyorea-musta"},"modified":"2022-07-21T14:09:23","modified_gmt":"2022-07-21T14:09:23","slug":"huopakyna-pyorea-musta","status":"publish","type":"product","link":"https:\/\/www.hypertera.com\/?product=huopakyna-pyorea-musta","title":{"rendered":"Huopakyn\u00e4, py\u00f6re\u00e4, musta"},"content":{"rendered":"<p>Alkoholipohjainen, mietotuoksuinen muste. Muste kuivuu nopeasti ja on vedenkest\u00e4v\u00e4. Soveltuu l\u00e4hes kaikille pinnoille. Py\u00f6re\u00e4 k\u00e4rki, viivan leveys 3 mm.<\/p>\n","protected":false},"excerpt":{"rendered":"<p>Alkoholipohjainen, mietotuoksuinen muste. Muste kuivuu nopeasti ja on vedenkest\u00e4v\u00e4. Soveltuu l\u00e4hes kaikille pinnoille. Py\u00f6re\u00e4 k\u00e4rki, viivan leveys 3 mm.<\/p>\n","protected":false},"featured_media":422,"comment_status":"closed","ping_status":"closed","template":"","meta":[],"product_brand":[],"product_cat":[165,56,164,163,30,16,162],"product_tag":[166],"class_list":{"0":"post-421","1":"product","2":"type-product","3":"status-publish","4":"has-post-thumbnail","6":"product_cat-huopakynat","7":"product_cat-kynat","8":"product_cat-kynat-toimistotarvikkeet-tussittuotteet","9":"product_cat-toimistotarvikkeet-tussittuotteet","10":"product_cat-toimistotarvikkeet","11":"product_cat-tuotteet","12":"product_cat-tussittuotteet","13":"product_tag-huopakynat","15":"first","16":"outofstock","17":"purchasable","18":"product-type-simple"},"jetpack_sharing_enabled":true,"_links":{"self":[{"href":"https:\/\/www.hypertera.com\/index.php?rest_route=\/wp\/v2\/product\/421","targetHints":{"allow":["GET"]}}],"collection":[{"href":"https:\/\/www.hypertera.com\/index.php?rest_route=\/wp\/v2\/product"}],"about":[{"href":"https:\/\/www.hypertera.com\/index.php?rest_route=\/wp\/v2\/types\/product"}],"replies":[{"embeddable":true,"href":"https:\/\/www.hypertera.com\/index.php?rest_route=%2Fwp%2Fv2%2Fcomments&post=421"}],"wp:featuredmedia":[{"embeddable":true,"href":"https:\/\/www.hypertera.com\/index.php?rest_route=\/wp\/v2\/media\/422"}],"wp:attachment":[{"href":"https:\/\/www.hypertera.com\/index.php?rest_route=%2Fwp%2Fv2%2Fmedia&parent=421"}],"wp:term":[{"taxonomy":"product_brand","embeddable":true,"href":"https:\/\/www.hypertera.com\/index.php?rest_route=%2Fwp%2Fv2%2Fproduct_brand&post=421"},{"taxonomy":"product_cat","embeddable":true,"href":"https:\/\/www.hypertera.com\/index.php?rest_route=%2Fwp%2Fv2%2Fproduct_cat&post=421"},{"taxonomy":"product_tag","embeddable":true,"href":"https:\/\/www.hypertera.com\/index.php?rest_route=%2Fwp%2Fv2%2Fproduct_tag&post=421"}],"curies":[{"name":"wp","href":"https:\/\/api.w.org\/{rel}","templated":true}]}}