{"id":411,"date":"2022-07-21T14:08:44","date_gmt":"2022-07-21T14:08:44","guid":{"rendered":"https:\/\/www.hypertera.com\/?product=huopakyna-pilot-cd-dvd-marker-musta"},"modified":"2022-07-21T14:09:13","modified_gmt":"2022-07-21T14:09:13","slug":"huopakyna-pilot-cd-dvd-marker-musta","status":"publish","type":"product","link":"https:\/\/www.hypertera.com\/?product=huopakyna-pilot-cd-dvd-marker-musta","title":{"rendered":"Huopakyn\u00e4, Pilot CD\/DVD-marker, musta"},"content":{"rendered":"<p>\u00d6ljypohjainen pysyv\u00e4 muste. Akryylik\u00e4rki soveltuu erityisesti CD\/DVD-levyjen merkkaukseen. Viivan leveys 0.9 mm.<\/p>\n","protected":false},"excerpt":{"rendered":"<p>\u00d6ljypohjainen pysyv\u00e4 muste. Akryylik\u00e4rki soveltuu erityisesti CD\/DVD-levyjen merkkaukseen. Viivan leveys 0.9 mm.<\/p>\n","protected":false},"featured_media":412,"comment_status":"closed","ping_status":"closed","template":"","meta":[],"product_brand":[],"product_cat":[165,164,56,30,163,16,162],"product_tag":[166],"class_list":{"0":"post-411","1":"product","2":"type-product","3":"status-publish","4":"has-post-thumbnail","6":"product_cat-huopakynat","7":"product_cat-kynat-toimistotarvikkeet-tussittuotteet","8":"product_cat-kynat","9":"product_cat-toimistotarvikkeet","10":"product_cat-toimistotarvikkeet-tussittuotteet","11":"product_cat-tuotteet","12":"product_cat-tussittuotteet","13":"product_tag-huopakynat","15":"first","16":"outofstock","17":"purchasable","18":"product-type-simple"},"jetpack_sharing_enabled":true,"_links":{"self":[{"href":"https:\/\/www.hypertera.com\/index.php?rest_route=\/wp\/v2\/product\/411","targetHints":{"allow":["GET"]}}],"collection":[{"href":"https:\/\/www.hypertera.com\/index.php?rest_route=\/wp\/v2\/product"}],"about":[{"href":"https:\/\/www.hypertera.com\/index.php?rest_route=\/wp\/v2\/types\/product"}],"replies":[{"embeddable":true,"href":"https:\/\/www.hypertera.com\/index.php?rest_route=%2Fwp%2Fv2%2Fcomments&post=411"}],"wp:featuredmedia":[{"embeddable":true,"href":"https:\/\/www.hypertera.com\/index.php?rest_route=\/wp\/v2\/media\/412"}],"wp:attachment":[{"href":"https:\/\/www.hypertera.com\/index.php?rest_route=%2Fwp%2Fv2%2Fmedia&parent=411"}],"wp:term":[{"taxonomy":"product_brand","embeddable":true,"href":"https:\/\/www.hypertera.com\/index.php?rest_route=%2Fwp%2Fv2%2Fproduct_brand&post=411"},{"taxonomy":"product_cat","embeddable":true,"href":"https:\/\/www.hypertera.com\/index.php?rest_route=%2Fwp%2Fv2%2Fproduct_cat&post=411"},{"taxonomy":"product_tag","embeddable":true,"href":"https:\/\/www.hypertera.com\/index.php?rest_route=%2Fwp%2Fv2%2Fproduct_tag&post=411"}],"curies":[{"name":"wp","href":"https:\/\/api.w.org\/{rel}","templated":true}]}}