{"id":407,"date":"2022-07-21T14:08:44","date_gmt":"2022-07-21T14:08:44","guid":{"rendered":"https:\/\/www.hypertera.com\/?product=huopakyna-penol-750-vihrea"},"modified":"2022-07-21T14:09:08","modified_gmt":"2022-07-21T14:09:08","slug":"huopakyna-penol-750-vihrea","status":"publish","type":"product","link":"https:\/\/www.hypertera.com\/?product=huopakyna-penol-750-vihrea","title":{"rendered":"Huopakyn\u00e4, Penol 750, vihre\u00e4"},"content":{"rendered":"<p>Vedenkest\u00e4v\u00e4. Ter\u00e4n leveys 2-5 mm. Viisto k\u00e4rki. Soveltuu k\u00e4ytett\u00e4v\u00e4ksi muun muassa paperille sek\u00e4 muovi-, lasi- ja metallipinnoille.<\/p>\n","protected":false},"excerpt":{"rendered":"<p>Vedenkest\u00e4v\u00e4. Ter\u00e4n leveys 2-5 mm. Viisto k\u00e4rki. Soveltuu k\u00e4ytett\u00e4v\u00e4ksi muun muassa paperille sek\u00e4 muovi-, lasi- ja metallipinnoille.<\/p>\n","protected":false},"featured_media":408,"comment_status":"closed","ping_status":"closed","template":"","meta":[],"product_brand":[],"product_cat":[165,164,56,163,30,16,162],"product_tag":[166],"class_list":{"0":"post-407","1":"product","2":"type-product","3":"status-publish","4":"has-post-thumbnail","6":"product_cat-huopakynat","7":"product_cat-kynat-toimistotarvikkeet-tussittuotteet","8":"product_cat-kynat","9":"product_cat-toimistotarvikkeet-tussittuotteet","10":"product_cat-toimistotarvikkeet","11":"product_cat-tuotteet","12":"product_cat-tussittuotteet","13":"product_tag-huopakynat","15":"first","16":"instock","17":"purchasable","18":"product-type-simple"},"jetpack_sharing_enabled":true,"_links":{"self":[{"href":"https:\/\/www.hypertera.com\/index.php?rest_route=\/wp\/v2\/product\/407","targetHints":{"allow":["GET"]}}],"collection":[{"href":"https:\/\/www.hypertera.com\/index.php?rest_route=\/wp\/v2\/product"}],"about":[{"href":"https:\/\/www.hypertera.com\/index.php?rest_route=\/wp\/v2\/types\/product"}],"replies":[{"embeddable":true,"href":"https:\/\/www.hypertera.com\/index.php?rest_route=%2Fwp%2Fv2%2Fcomments&post=407"}],"wp:featuredmedia":[{"embeddable":true,"href":"https:\/\/www.hypertera.com\/index.php?rest_route=\/wp\/v2\/media\/408"}],"wp:attachment":[{"href":"https:\/\/www.hypertera.com\/index.php?rest_route=%2Fwp%2Fv2%2Fmedia&parent=407"}],"wp:term":[{"taxonomy":"product_brand","embeddable":true,"href":"https:\/\/www.hypertera.com\/index.php?rest_route=%2Fwp%2Fv2%2Fproduct_brand&post=407"},{"taxonomy":"product_cat","embeddable":true,"href":"https:\/\/www.hypertera.com\/index.php?rest_route=%2Fwp%2Fv2%2Fproduct_cat&post=407"},{"taxonomy":"product_tag","embeddable":true,"href":"https:\/\/www.hypertera.com\/index.php?rest_route=%2Fwp%2Fv2%2Fproduct_tag&post=407"}],"curies":[{"name":"wp","href":"https:\/\/api.w.org\/{rel}","templated":true}]}}