{"id":403,"date":"2022-07-21T14:08:44","date_gmt":"2022-07-21T14:08:44","guid":{"rendered":"https:\/\/www.hypertera.com\/?product=huopakyna-penol-700-varilajitelma"},"modified":"2022-07-21T14:08:59","modified_gmt":"2022-07-21T14:08:59","slug":"huopakyna-penol-700-varilajitelma","status":"publish","type":"product","link":"https:\/\/www.hypertera.com\/?product=huopakyna-penol-700-varilajitelma","title":{"rendered":"Huopakyn\u00e4, Penol 700, v\u00e4rilajitelma"},"content":{"rendered":"<p>Voidaan k\u00e4ytt\u00e4\u00e4 paperi, muovi, lasi sek\u00e4 metallipinnoilla. Vedenkest\u00e4v\u00e4. Ter\u00e4n leveys 1,5 mm, Fine Line. Soveltuu k\u00e4ytett\u00e4v\u00e4ksi muun muassa paperille sek\u00e4 muovi-, lasi- ja metallipinnoille. V\u00e4rit: punainen, sininen, vihre\u00e4, oranssi, ruskea, keltainen, musta, violetti, vaaleanpunainen, vaaleansininen,<\/p>\n","protected":false},"excerpt":{"rendered":"<p>Voidaan k\u00e4ytt\u00e4\u00e4 paperi, muovi, lasi sek\u00e4 metallipinnoilla. Vedenkest\u00e4v\u00e4. Ter\u00e4n leveys 1,5 mm, Fine Line. Soveltuu k\u00e4ytett\u00e4v\u00e4ksi muun muassa paperille sek\u00e4 muovi-, lasi- ja metallipinnoille. V\u00e4rit: punainen, sininen, vihre\u00e4, oranssi, ruskea, keltainen, musta, violetti, vaaleanpunainen, vaaleansininen,<\/p>\n","protected":false},"featured_media":404,"comment_status":"closed","ping_status":"closed","template":"","meta":[],"product_brand":[],"product_cat":[165,56,164,163,30,16,162],"product_tag":[166],"class_list":{"0":"post-403","1":"product","2":"type-product","3":"status-publish","4":"has-post-thumbnail","6":"product_cat-huopakynat","7":"product_cat-kynat","8":"product_cat-kynat-toimistotarvikkeet-tussittuotteet","9":"product_cat-toimistotarvikkeet-tussittuotteet","10":"product_cat-toimistotarvikkeet","11":"product_cat-tuotteet","12":"product_cat-tussittuotteet","13":"product_tag-huopakynat","15":"first","16":"instock","17":"purchasable","18":"product-type-simple"},"jetpack_sharing_enabled":true,"_links":{"self":[{"href":"https:\/\/www.hypertera.com\/index.php?rest_route=\/wp\/v2\/product\/403","targetHints":{"allow":["GET"]}}],"collection":[{"href":"https:\/\/www.hypertera.com\/index.php?rest_route=\/wp\/v2\/product"}],"about":[{"href":"https:\/\/www.hypertera.com\/index.php?rest_route=\/wp\/v2\/types\/product"}],"replies":[{"embeddable":true,"href":"https:\/\/www.hypertera.com\/index.php?rest_route=%2Fwp%2Fv2%2Fcomments&post=403"}],"wp:featuredmedia":[{"embeddable":true,"href":"https:\/\/www.hypertera.com\/index.php?rest_route=\/wp\/v2\/media\/404"}],"wp:attachment":[{"href":"https:\/\/www.hypertera.com\/index.php?rest_route=%2Fwp%2Fv2%2Fmedia&parent=403"}],"wp:term":[{"taxonomy":"product_brand","embeddable":true,"href":"https:\/\/www.hypertera.com\/index.php?rest_route=%2Fwp%2Fv2%2Fproduct_brand&post=403"},{"taxonomy":"product_cat","embeddable":true,"href":"https:\/\/www.hypertera.com\/index.php?rest_route=%2Fwp%2Fv2%2Fproduct_cat&post=403"},{"taxonomy":"product_tag","embeddable":true,"href":"https:\/\/www.hypertera.com\/index.php?rest_route=%2Fwp%2Fv2%2Fproduct_tag&post=403"}],"curies":[{"name":"wp","href":"https:\/\/api.w.org\/{rel}","templated":true}]}}