{"id":401,"date":"2022-07-21T14:08:44","date_gmt":"2022-07-21T14:08:44","guid":{"rendered":"https:\/\/www.hypertera.com\/?product=huopakyna-cd-dvd-varilajitelma-1-srj-4"},"modified":"2022-07-21T14:08:56","modified_gmt":"2022-07-21T14:08:56","slug":"huopakyna-cd-dvd-varilajitelma-1-srj-4","status":"publish","type":"product","link":"https:\/\/www.hypertera.com\/?product=huopakyna-cd-dvd-varilajitelma-1-srj-4","title":{"rendered":"Huopakyn\u00e4, CD\/DVD, v\u00e4rilajitelma, 1 srj\/4"},"content":{"rendered":"<p>Pysyv\u00e4 muste. Soveltuu CD- ja DVD-levyjen merkkaukseen. Viivan leveys 0.5-0.9 mm. V\u00e4rit musta, punainen, sininen ja vihre\u00e4.<\/p>\n","protected":false},"excerpt":{"rendered":"<p>Pysyv\u00e4 muste. Soveltuu CD- ja DVD-levyjen merkkaukseen. Viivan leveys 0.5-0.9 mm. V\u00e4rit musta, punainen, sininen ja vihre\u00e4.<\/p>\n","protected":false},"featured_media":402,"comment_status":"closed","ping_status":"closed","template":"","meta":[],"product_brand":[],"product_cat":[165,164,56,163,30,16,162],"product_tag":[166],"class_list":{"0":"post-401","1":"product","2":"type-product","3":"status-publish","4":"has-post-thumbnail","6":"product_cat-huopakynat","7":"product_cat-kynat-toimistotarvikkeet-tussittuotteet","8":"product_cat-kynat","9":"product_cat-toimistotarvikkeet-tussittuotteet","10":"product_cat-toimistotarvikkeet","11":"product_cat-tuotteet","12":"product_cat-tussittuotteet","13":"product_tag-huopakynat","15":"first","16":"outofstock","17":"purchasable","18":"product-type-simple"},"jetpack_sharing_enabled":true,"_links":{"self":[{"href":"https:\/\/www.hypertera.com\/index.php?rest_route=\/wp\/v2\/product\/401","targetHints":{"allow":["GET"]}}],"collection":[{"href":"https:\/\/www.hypertera.com\/index.php?rest_route=\/wp\/v2\/product"}],"about":[{"href":"https:\/\/www.hypertera.com\/index.php?rest_route=\/wp\/v2\/types\/product"}],"replies":[{"embeddable":true,"href":"https:\/\/www.hypertera.com\/index.php?rest_route=%2Fwp%2Fv2%2Fcomments&post=401"}],"wp:featuredmedia":[{"embeddable":true,"href":"https:\/\/www.hypertera.com\/index.php?rest_route=\/wp\/v2\/media\/402"}],"wp:attachment":[{"href":"https:\/\/www.hypertera.com\/index.php?rest_route=%2Fwp%2Fv2%2Fmedia&parent=401"}],"wp:term":[{"taxonomy":"product_brand","embeddable":true,"href":"https:\/\/www.hypertera.com\/index.php?rest_route=%2Fwp%2Fv2%2Fproduct_brand&post=401"},{"taxonomy":"product_cat","embeddable":true,"href":"https:\/\/www.hypertera.com\/index.php?rest_route=%2Fwp%2Fv2%2Fproduct_cat&post=401"},{"taxonomy":"product_tag","embeddable":true,"href":"https:\/\/www.hypertera.com\/index.php?rest_route=%2Fwp%2Fv2%2Fproduct_tag&post=401"}],"curies":[{"name":"wp","href":"https:\/\/api.w.org\/{rel}","templated":true}]}}