{"id":397,"date":"2022-07-21T14:08:44","date_gmt":"2022-07-21T14:08:44","guid":{"rendered":"https:\/\/www.hypertera.com\/?product=huivi-suuri-190x100cm-harmaa-viininpunainen"},"modified":"2022-07-21T14:08:51","modified_gmt":"2022-07-21T14:08:51","slug":"huivi-suuri-190x100cm-harmaa-viininpunainen","status":"publish","type":"product","link":"https:\/\/www.hypertera.com\/?product=huivi-suuri-190x100cm-harmaa-viininpunainen","title":{"rendered":"Huivi, suuri 190x100cm, harmaa-viininpunainen"},"content":{"rendered":"<p>Suurikokoinen, tumman tyylik\u00e4s huivi. Huivin toinen p\u00e4\u00e4 on tumman harmaa ja toinen p\u00e4\u00e4 viininpunainen. Keskell\u00e4 v\u00e4rit kietoutuvat toisiinsa kauniisti kukkakuvion avulla. Huivin materiaali viskoosi ja koko 190&#215;100 cm. Huivin voi kietoa kaulaan tai k\u00e4ytt\u00e4\u00e4 hartiahuivina juhla-asun kanssa.<\/p>\n","protected":false},"excerpt":{"rendered":"<p>Harmaa-viininpunainen Suuri huivi, 190x100cm<\/p>\n","protected":false},"featured_media":398,"comment_status":"closed","ping_status":"closed","template":"","meta":[],"product_brand":[],"product_cat":[15],"product_tag":[160],"class_list":{"0":"post-397","1":"product","2":"type-product","3":"status-publish","4":"has-post-thumbnail","6":"product_cat-uncategorized","7":"product_tag-huivit","9":"first","10":"outofstock","11":"purchasable","12":"product-type-simple"},"jetpack_sharing_enabled":true,"_links":{"self":[{"href":"https:\/\/www.hypertera.com\/index.php?rest_route=\/wp\/v2\/product\/397","targetHints":{"allow":["GET"]}}],"collection":[{"href":"https:\/\/www.hypertera.com\/index.php?rest_route=\/wp\/v2\/product"}],"about":[{"href":"https:\/\/www.hypertera.com\/index.php?rest_route=\/wp\/v2\/types\/product"}],"replies":[{"embeddable":true,"href":"https:\/\/www.hypertera.com\/index.php?rest_route=%2Fwp%2Fv2%2Fcomments&post=397"}],"wp:featuredmedia":[{"embeddable":true,"href":"https:\/\/www.hypertera.com\/index.php?rest_route=\/wp\/v2\/media\/398"}],"wp:attachment":[{"href":"https:\/\/www.hypertera.com\/index.php?rest_route=%2Fwp%2Fv2%2Fmedia&parent=397"}],"wp:term":[{"taxonomy":"product_brand","embeddable":true,"href":"https:\/\/www.hypertera.com\/index.php?rest_route=%2Fwp%2Fv2%2Fproduct_brand&post=397"},{"taxonomy":"product_cat","embeddable":true,"href":"https:\/\/www.hypertera.com\/index.php?rest_route=%2Fwp%2Fv2%2Fproduct_cat&post=397"},{"taxonomy":"product_tag","embeddable":true,"href":"https:\/\/www.hypertera.com\/index.php?rest_route=%2Fwp%2Fv2%2Fproduct_tag&post=397"}],"curies":[{"name":"wp","href":"https:\/\/api.w.org\/{rel}","templated":true}]}}