{"id":393,"date":"2022-07-21T14:08:44","date_gmt":"2022-07-21T14:08:44","guid":{"rendered":"https:\/\/www.hypertera.com\/?product=hinnoittelulaite-avery-pl1-8-12x26mm-tarroille"},"modified":"2022-07-21T14:08:45","modified_gmt":"2022-07-21T14:08:45","slug":"hinnoittelulaite-avery-pl1-8-12x26mm-tarroille","status":"publish","type":"product","link":"https:\/\/www.hypertera.com\/?product=hinnoittelulaite-avery-pl1-8-12x26mm-tarroille","title":{"rendered":"Hinnoittelulaite, Avery PL1\/8, 12x26mm tarroille"},"content":{"rendered":"<p>Yksirivinen hinnoittelulaite 12mm x 26mm hintalapputarroille. Tulostaa 8 numeroa sek\u00e4 &pound; ja eur valuuttasymbolit. Pakkaus sis\u00e4lt\u00e4\u00e4 musterullaan.<\/p>\n","protected":false},"excerpt":{"rendered":"<p>Avery PL1\/8 12x26mm tarroille Hinnoittelulaite<\/p>\n","protected":false},"featured_media":394,"comment_status":"closed","ping_status":"closed","template":"","meta":[],"product_brand":[],"product_cat":[15],"product_tag":[159],"class_list":{"0":"post-393","1":"product","2":"type-product","3":"status-publish","4":"has-post-thumbnail","6":"product_cat-uncategorized","7":"product_tag-hinnoittelulaitteet","9":"first","10":"instock","11":"purchasable","12":"product-type-simple"},"jetpack_sharing_enabled":true,"_links":{"self":[{"href":"https:\/\/www.hypertera.com\/index.php?rest_route=\/wp\/v2\/product\/393","targetHints":{"allow":["GET"]}}],"collection":[{"href":"https:\/\/www.hypertera.com\/index.php?rest_route=\/wp\/v2\/product"}],"about":[{"href":"https:\/\/www.hypertera.com\/index.php?rest_route=\/wp\/v2\/types\/product"}],"replies":[{"embeddable":true,"href":"https:\/\/www.hypertera.com\/index.php?rest_route=%2Fwp%2Fv2%2Fcomments&post=393"}],"wp:featuredmedia":[{"embeddable":true,"href":"https:\/\/www.hypertera.com\/index.php?rest_route=\/wp\/v2\/media\/394"}],"wp:attachment":[{"href":"https:\/\/www.hypertera.com\/index.php?rest_route=%2Fwp%2Fv2%2Fmedia&parent=393"}],"wp:term":[{"taxonomy":"product_brand","embeddable":true,"href":"https:\/\/www.hypertera.com\/index.php?rest_route=%2Fwp%2Fv2%2Fproduct_brand&post=393"},{"taxonomy":"product_cat","embeddable":true,"href":"https:\/\/www.hypertera.com\/index.php?rest_route=%2Fwp%2Fv2%2Fproduct_cat&post=393"},{"taxonomy":"product_tag","embeddable":true,"href":"https:\/\/www.hypertera.com\/index.php?rest_route=%2Fwp%2Fv2%2Fproduct_tag&post=393"}],"curies":[{"name":"wp","href":"https:\/\/api.w.org\/{rel}","templated":true}]}}