{"id":377,"date":"2022-07-21T14:08:07","date_gmt":"2022-07-21T14:08:07","guid":{"rendered":"https:\/\/www.hypertera.com\/?product=x-hiirimatto-rannetuella-3m-wr421le-geelipoistunut"},"modified":"2022-07-21T14:08:10","modified_gmt":"2022-07-21T14:08:10","slug":"x-hiirimatto-rannetuella-3m-wr421le-geelipoistunut","status":"publish","type":"product","link":"https:\/\/www.hypertera.com\/?product=x-hiirimatto-rannetuella-3m-wr421le-geelipoistunut","title":{"rendered":"X Hiirimatto rannetuella, 3M WR421LE, geeli(POISTUNUT)"},"content":{"rendered":"<p>Geelit\u00e4ytteinen hiirialusta rannetuella. Pinta pehme\u00e4\u00e4, mustaa, nahkamaista materiaalia joka on miellytt\u00e4v\u00e4\u00e4 ihoa vasten. Geelituki on v\u00e4rilt\u00e4\u00e4n musta, aluslevy hopea. Hiirialustan pinta on 3M Precise materiaalia, joka soveltuu sek\u00e4 pallo- ett\u00e4 optiselle<\/p>\n","protected":false},"excerpt":{"rendered":"<p>Rannetuellinen hiirimatto, musta-harmaa, 3M WR421LE<\/p>\n","protected":false},"featured_media":378,"comment_status":"closed","ping_status":"closed","template":"","meta":[],"product_brand":[],"product_cat":[22,155,16],"product_tag":[156],"class_list":{"0":"post-377","1":"product","2":"type-product","3":"status-publish","4":"has-post-thumbnail","6":"product_cat-ergonomia","7":"product_cat-hiirialustat-ja-rannetuet","8":"product_cat-tuotteet","9":"product_tag-rannetuelliset-hiirimatot","11":"first","12":"instock","13":"purchasable","14":"product-type-simple"},"jetpack_sharing_enabled":true,"_links":{"self":[{"href":"https:\/\/www.hypertera.com\/index.php?rest_route=\/wp\/v2\/product\/377","targetHints":{"allow":["GET"]}}],"collection":[{"href":"https:\/\/www.hypertera.com\/index.php?rest_route=\/wp\/v2\/product"}],"about":[{"href":"https:\/\/www.hypertera.com\/index.php?rest_route=\/wp\/v2\/types\/product"}],"replies":[{"embeddable":true,"href":"https:\/\/www.hypertera.com\/index.php?rest_route=%2Fwp%2Fv2%2Fcomments&post=377"}],"wp:featuredmedia":[{"embeddable":true,"href":"https:\/\/www.hypertera.com\/index.php?rest_route=\/wp\/v2\/media\/378"}],"wp:attachment":[{"href":"https:\/\/www.hypertera.com\/index.php?rest_route=%2Fwp%2Fv2%2Fmedia&parent=377"}],"wp:term":[{"taxonomy":"product_brand","embeddable":true,"href":"https:\/\/www.hypertera.com\/index.php?rest_route=%2Fwp%2Fv2%2Fproduct_brand&post=377"},{"taxonomy":"product_cat","embeddable":true,"href":"https:\/\/www.hypertera.com\/index.php?rest_route=%2Fwp%2Fv2%2Fproduct_cat&post=377"},{"taxonomy":"product_tag","embeddable":true,"href":"https:\/\/www.hypertera.com\/index.php?rest_route=%2Fwp%2Fv2%2Fproduct_tag&post=377"}],"curies":[{"name":"wp","href":"https:\/\/api.w.org\/{rel}","templated":true}]}}