{"id":375,"date":"2022-07-21T14:08:07","date_gmt":"2022-07-21T14:08:07","guid":{"rendered":"https:\/\/www.hypertera.com\/?product=hiirimatto-rannetuella-3m-mw311le-musta"},"modified":"2022-07-21T14:08:09","modified_gmt":"2022-07-21T14:08:09","slug":"hiirimatto-rannetuella-3m-mw311le-musta","status":"publish","type":"product","link":"https:\/\/www.hypertera.com\/?product=hiirimatto-rannetuella-3m-mw311le-musta","title":{"rendered":"Hiirimatto rannetuella, 3M MW311LE, musta"},"content":{"rendered":"<p>Geelit\u00e4ytteinen hiirialusta rannetuella. Uurteisella alustalla hiiri liikkuu kevyesti ja tarkasti. Liukumaton pohja pit\u00e4\u00e4 alustan paikallaan. Hiirialusta on mustaa, nahkamaista materiaalia. Musta rannetuki. Hiirialustan pinta on 3M Precise materiaalia, joka soveltuu sek\u00e4 pallo- ett\u00e4 optiselle hiirelle. S\u00e4\u00e4st\u00e4\u00e4 langattoman hiiren paristoa. Koko 221 x 234 mm.<\/p>\n","protected":false},"excerpt":{"rendered":"<p>Geelit\u00e4ytteinen hiirialusta rannetuella. Uurteisella alustalla hiiri liikkuu kevyesti ja tarkasti. Liukumaton pohja pit\u00e4\u00e4 alustan paikallaan. Hiirialusta on mustaa, nahkamaista materiaalia. Musta rannetuki. Hiirialustan pinta on 3M Precise materiaalia, joka soveltuu sek\u00e4 pallo- ett\u00e4 optiselle hiirelle. S\u00e4\u00e4st\u00e4\u00e4 langattoman hiiren paristoa. Koko 221 x 234 mm.<\/p>\n","protected":false},"featured_media":376,"comment_status":"closed","ping_status":"closed","template":"","meta":[],"product_brand":[],"product_cat":[22,155,16],"product_tag":[156],"class_list":{"0":"post-375","1":"product","2":"type-product","3":"status-publish","4":"has-post-thumbnail","6":"product_cat-ergonomia","7":"product_cat-hiirialustat-ja-rannetuet","8":"product_cat-tuotteet","9":"product_tag-rannetuelliset-hiirimatot","11":"first","12":"instock","13":"purchasable","14":"product-type-simple"},"jetpack_sharing_enabled":true,"_links":{"self":[{"href":"https:\/\/www.hypertera.com\/index.php?rest_route=\/wp\/v2\/product\/375","targetHints":{"allow":["GET"]}}],"collection":[{"href":"https:\/\/www.hypertera.com\/index.php?rest_route=\/wp\/v2\/product"}],"about":[{"href":"https:\/\/www.hypertera.com\/index.php?rest_route=\/wp\/v2\/types\/product"}],"replies":[{"embeddable":true,"href":"https:\/\/www.hypertera.com\/index.php?rest_route=%2Fwp%2Fv2%2Fcomments&post=375"}],"wp:featuredmedia":[{"embeddable":true,"href":"https:\/\/www.hypertera.com\/index.php?rest_route=\/wp\/v2\/media\/376"}],"wp:attachment":[{"href":"https:\/\/www.hypertera.com\/index.php?rest_route=%2Fwp%2Fv2%2Fmedia&parent=375"}],"wp:term":[{"taxonomy":"product_brand","embeddable":true,"href":"https:\/\/www.hypertera.com\/index.php?rest_route=%2Fwp%2Fv2%2Fproduct_brand&post=375"},{"taxonomy":"product_cat","embeddable":true,"href":"https:\/\/www.hypertera.com\/index.php?rest_route=%2Fwp%2Fv2%2Fproduct_cat&post=375"},{"taxonomy":"product_tag","embeddable":true,"href":"https:\/\/www.hypertera.com\/index.php?rest_route=%2Fwp%2Fv2%2Fproduct_tag&post=375"}],"curies":[{"name":"wp","href":"https:\/\/api.w.org\/{rel}","templated":true}]}}