{"id":369,"date":"2022-07-21T14:07:18","date_gmt":"2022-07-21T14:07:18","guid":{"rendered":"https:\/\/www.hypertera.com\/?product=hierova-niskatyynyt-arctifit-punainen"},"modified":"2022-07-21T14:07:54","modified_gmt":"2022-07-21T14:07:54","slug":"hierova-niskatyynyt-arctifit-punainen","status":"publish","type":"product","link":"https:\/\/www.hypertera.com\/?product=hierova-niskatyynyt-arctifit-punainen","title":{"rendered":"Hierova niskatyynyt, Arctifit, punainen"},"content":{"rendered":"<p>Pehme\u00e4 niskatyyny, jossa on paristoilla toimiva hieromistoiminto. Pinta on pehme\u00e4\u00e4 fleece-tyyppist\u00e4 kangasta. Hieromistoiminto vaatii 2 AA-paristoa (ei mukana). Punainen malli. Edess\u00e4 on k\u00e4tev\u00e4 nepparikiinnitys, jolloin niskatyyny pysyy paikoillaan pidemm\u00e4ss\u00e4kin k\u00e4yt\u00f6ss\u00e4. K\u00e4tev\u00e4 niin matkoille kuin vaikkapa nojatuoliin. Niskatyynyn sis\u00e4lt\u00f6 on pehme\u00e4, eik\u00e4 se ole ilmat\u00e4ytteinen malli.<\/p>\n","protected":false},"excerpt":{"rendered":"<p>Punainen hierova niskatyyny Arctifit<\/p>\n","protected":false},"featured_media":370,"comment_status":"closed","ping_status":"closed","template":"","meta":[],"product_brand":[],"product_cat":[15],"product_tag":[153],"class_list":{"0":"post-369","1":"product","2":"type-product","3":"status-publish","4":"has-post-thumbnail","6":"product_cat-uncategorized","7":"product_tag-niskatyynyt","9":"first","10":"instock","11":"purchasable","12":"product-type-simple"},"jetpack_sharing_enabled":true,"_links":{"self":[{"href":"https:\/\/www.hypertera.com\/index.php?rest_route=\/wp\/v2\/product\/369","targetHints":{"allow":["GET"]}}],"collection":[{"href":"https:\/\/www.hypertera.com\/index.php?rest_route=\/wp\/v2\/product"}],"about":[{"href":"https:\/\/www.hypertera.com\/index.php?rest_route=\/wp\/v2\/types\/product"}],"replies":[{"embeddable":true,"href":"https:\/\/www.hypertera.com\/index.php?rest_route=%2Fwp%2Fv2%2Fcomments&post=369"}],"wp:featuredmedia":[{"embeddable":true,"href":"https:\/\/www.hypertera.com\/index.php?rest_route=\/wp\/v2\/media\/370"}],"wp:attachment":[{"href":"https:\/\/www.hypertera.com\/index.php?rest_route=%2Fwp%2Fv2%2Fmedia&parent=369"}],"wp:term":[{"taxonomy":"product_brand","embeddable":true,"href":"https:\/\/www.hypertera.com\/index.php?rest_route=%2Fwp%2Fv2%2Fproduct_brand&post=369"},{"taxonomy":"product_cat","embeddable":true,"href":"https:\/\/www.hypertera.com\/index.php?rest_route=%2Fwp%2Fv2%2Fproduct_cat&post=369"},{"taxonomy":"product_tag","embeddable":true,"href":"https:\/\/www.hypertera.com\/index.php?rest_route=%2Fwp%2Fv2%2Fproduct_tag&post=369"}],"curies":[{"name":"wp","href":"https:\/\/api.w.org\/{rel}","templated":true}]}}