{"id":357,"date":"2022-07-21T14:07:18","date_gmt":"2022-07-21T14:07:18","guid":{"rendered":"https:\/\/www.hypertera.com\/?product=hdmi-kaapeli-hdmi-a-uros-minihdmi-a-uros-3m-musta"},"modified":"2022-07-21T14:07:27","modified_gmt":"2022-07-21T14:07:27","slug":"hdmi-kaapeli-hdmi-a-uros-minihdmi-a-uros-3m-musta","status":"publish","type":"product","link":"https:\/\/www.hypertera.com\/?product=hdmi-kaapeli-hdmi-a-uros-minihdmi-a-uros-3m-musta","title":{"rendered":"HDMI-kaapeli, HDMI-A uros\/miniHDMI-A uros, 3m, musta"},"content":{"rendered":"<p>Musta 3.0 metri\u00e4 pitk\u00e4 HDMI-kaapeli. Liittimet HDMI-A uros sek\u00e4 miniHDMI-A uros. HDMI versio 1.4, jossa Monikanava\u00e4\u00e4niulostulo ja tuki 3D-videokuvalle, 2D-resoluutio 4096 &times; 2160, Ethernet-tuki.<\/p>\n","protected":false},"excerpt":{"rendered":"<p>Musta HDMI-A uros\/miniHDMI-A uros 3m HDMI-kaapeli<\/p>\n","protected":false},"featured_media":358,"comment_status":"closed","ping_status":"closed","template":"","meta":[],"product_brand":[],"product_cat":[15],"product_tag":[151],"class_list":{"0":"post-357","1":"product","2":"type-product","3":"status-publish","4":"has-post-thumbnail","6":"product_cat-uncategorized","7":"product_tag-hdmi-kaapelit","9":"first","10":"instock","11":"purchasable","12":"product-type-simple"},"jetpack_sharing_enabled":true,"_links":{"self":[{"href":"https:\/\/www.hypertera.com\/index.php?rest_route=\/wp\/v2\/product\/357","targetHints":{"allow":["GET"]}}],"collection":[{"href":"https:\/\/www.hypertera.com\/index.php?rest_route=\/wp\/v2\/product"}],"about":[{"href":"https:\/\/www.hypertera.com\/index.php?rest_route=\/wp\/v2\/types\/product"}],"replies":[{"embeddable":true,"href":"https:\/\/www.hypertera.com\/index.php?rest_route=%2Fwp%2Fv2%2Fcomments&post=357"}],"wp:featuredmedia":[{"embeddable":true,"href":"https:\/\/www.hypertera.com\/index.php?rest_route=\/wp\/v2\/media\/358"}],"wp:attachment":[{"href":"https:\/\/www.hypertera.com\/index.php?rest_route=%2Fwp%2Fv2%2Fmedia&parent=357"}],"wp:term":[{"taxonomy":"product_brand","embeddable":true,"href":"https:\/\/www.hypertera.com\/index.php?rest_route=%2Fwp%2Fv2%2Fproduct_brand&post=357"},{"taxonomy":"product_cat","embeddable":true,"href":"https:\/\/www.hypertera.com\/index.php?rest_route=%2Fwp%2Fv2%2Fproduct_cat&post=357"},{"taxonomy":"product_tag","embeddable":true,"href":"https:\/\/www.hypertera.com\/index.php?rest_route=%2Fwp%2Fv2%2Fproduct_tag&post=357"}],"curies":[{"name":"wp","href":"https:\/\/api.w.org\/{rel}","templated":true}]}}