{"id":347,"date":"2022-07-21T14:06:52","date_gmt":"2022-07-21T14:06:52","guid":{"rendered":"https:\/\/www.hypertera.com\/?product=harppi-koulu-niklattu-runko-pituus-12-cm"},"modified":"2022-07-21T14:07:12","modified_gmt":"2022-07-21T14:07:12","slug":"harppi-koulu-niklattu-runko-pituus-12-cm","status":"publish","type":"product","link":"https:\/\/www.hypertera.com\/?product=harppi-koulu-niklattu-runko-pituus-12-cm","title":{"rendered":"Harppi, koulu, niklattu runko, pituus 12 cm"},"content":{"rendered":"<p>Cesieco perusharppi koululaiselle. Vahva niklattu runko, valmistettu Saksassa. Harpin pituus 12 cm, maksimis\u00e4de n. &Oslash; 34 cm. Pakkaus ei sis\u00e4ll\u00e4 varalyijyj\u00e4.<\/p>\n","protected":false},"excerpt":{"rendered":"<p>Harppi<\/p>\n","protected":false},"featured_media":348,"comment_status":"closed","ping_status":"closed","template":"","meta":[],"product_brand":[],"product_cat":[148,147,30,16],"product_tag":[149],"class_list":{"0":"post-347","1":"product","2":"type-product","3":"status-publish","4":"has-post-thumbnail","6":"product_cat-harpit-ja-raapeveitset","7":"product_cat-tekninen-piirtaminen","8":"product_cat-toimistotarvikkeet","9":"product_cat-tuotteet","10":"product_tag-harpit","12":"first","13":"instock","14":"purchasable","15":"product-type-simple"},"jetpack_sharing_enabled":true,"_links":{"self":[{"href":"https:\/\/www.hypertera.com\/index.php?rest_route=\/wp\/v2\/product\/347","targetHints":{"allow":["GET"]}}],"collection":[{"href":"https:\/\/www.hypertera.com\/index.php?rest_route=\/wp\/v2\/product"}],"about":[{"href":"https:\/\/www.hypertera.com\/index.php?rest_route=\/wp\/v2\/types\/product"}],"replies":[{"embeddable":true,"href":"https:\/\/www.hypertera.com\/index.php?rest_route=%2Fwp%2Fv2%2Fcomments&post=347"}],"wp:featuredmedia":[{"embeddable":true,"href":"https:\/\/www.hypertera.com\/index.php?rest_route=\/wp\/v2\/media\/348"}],"wp:attachment":[{"href":"https:\/\/www.hypertera.com\/index.php?rest_route=%2Fwp%2Fv2%2Fmedia&parent=347"}],"wp:term":[{"taxonomy":"product_brand","embeddable":true,"href":"https:\/\/www.hypertera.com\/index.php?rest_route=%2Fwp%2Fv2%2Fproduct_brand&post=347"},{"taxonomy":"product_cat","embeddable":true,"href":"https:\/\/www.hypertera.com\/index.php?rest_route=%2Fwp%2Fv2%2Fproduct_cat&post=347"},{"taxonomy":"product_tag","embeddable":true,"href":"https:\/\/www.hypertera.com\/index.php?rest_route=%2Fwp%2Fv2%2Fproduct_tag&post=347"}],"curies":[{"name":"wp","href":"https:\/\/api.w.org\/{rel}","templated":true}]}}