{"id":345,"date":"2022-07-21T14:06:52","date_gmt":"2022-07-21T14:06:52","guid":{"rendered":"https:\/\/www.hypertera.com\/?product=handsfree-laite-nokia-hdb-4-kannettava-sanka-musta"},"modified":"2022-07-21T14:07:10","modified_gmt":"2022-07-21T14:07:10","slug":"handsfree-laite-nokia-hdb-4-kannettava-sanka-musta","status":"publish","type":"product","link":"https:\/\/www.hypertera.com\/?product=handsfree-laite-nokia-hdb-4-kannettava-sanka-musta","title":{"rendered":"Handsfree-laite, Nokia HDB-4, Kannettava sanka, musta"},"content":{"rendered":"<p>Nokian handsfree laite. Kompakti ja n\u00e4pp\u00e4r\u00e4 sanka-Handsfree, jossa on korvan ymp\u00e4rille tuleva kuuloke. Helppok\u00e4ytt\u00f6inen kannettava Handsfree-laite. Mukana my\u00f6s vastauspainike.  Yhteensopiva: Nokia 3300, 5100, 6100, 6650, 6800, 7210, 7250<\/p>\n","protected":false},"excerpt":{"rendered":"<p>Musta Nokia HDB-4 Kannettava sanka Handsfree-laite<\/p>\n","protected":false},"featured_media":346,"comment_status":"closed","ping_status":"closed","template":"","meta":[],"product_brand":[],"product_cat":[15],"product_tag":[146],"class_list":{"0":"post-345","1":"product","2":"type-product","3":"status-publish","4":"has-post-thumbnail","6":"product_cat-uncategorized","7":"product_tag-handsfree-laitteet","9":"first","10":"instock","11":"purchasable","12":"product-type-simple"},"jetpack_sharing_enabled":true,"_links":{"self":[{"href":"https:\/\/www.hypertera.com\/index.php?rest_route=\/wp\/v2\/product\/345","targetHints":{"allow":["GET"]}}],"collection":[{"href":"https:\/\/www.hypertera.com\/index.php?rest_route=\/wp\/v2\/product"}],"about":[{"href":"https:\/\/www.hypertera.com\/index.php?rest_route=\/wp\/v2\/types\/product"}],"replies":[{"embeddable":true,"href":"https:\/\/www.hypertera.com\/index.php?rest_route=%2Fwp%2Fv2%2Fcomments&post=345"}],"wp:featuredmedia":[{"embeddable":true,"href":"https:\/\/www.hypertera.com\/index.php?rest_route=\/wp\/v2\/media\/346"}],"wp:attachment":[{"href":"https:\/\/www.hypertera.com\/index.php?rest_route=%2Fwp%2Fv2%2Fmedia&parent=345"}],"wp:term":[{"taxonomy":"product_brand","embeddable":true,"href":"https:\/\/www.hypertera.com\/index.php?rest_route=%2Fwp%2Fv2%2Fproduct_brand&post=345"},{"taxonomy":"product_cat","embeddable":true,"href":"https:\/\/www.hypertera.com\/index.php?rest_route=%2Fwp%2Fv2%2Fproduct_cat&post=345"},{"taxonomy":"product_tag","embeddable":true,"href":"https:\/\/www.hypertera.com\/index.php?rest_route=%2Fwp%2Fv2%2Fproduct_tag&post=345"}],"curies":[{"name":"wp","href":"https:\/\/api.w.org\/{rel}","templated":true}]}}