{"id":34,"date":"2022-07-21T13:38:01","date_gmt":"2022-07-21T13:38:01","guid":{"rendered":"https:\/\/www.hypertera.com\/?product=adapteri-minidp-vga-0-15m-valkoinen"},"modified":"2022-07-21T13:38:29","modified_gmt":"2022-07-21T13:38:29","slug":"adapteri-minidp-vga-0-15m-valkoinen","status":"publish","type":"product","link":"https:\/\/www.hypertera.com\/?product=adapteri-minidp-vga-0-15m-valkoinen","title":{"rendered":"Adapteri, MiniDP-VGA, 0.15m, valkoinen"},"content":{"rendered":"<p>Valkoinen 15cm pitk\u00e4 adapterikaapeli, Mini DisplayPort &#8211; VGA HD15-naaras. T\u00e4ll\u00e4 johdolla voit liitt\u00e4\u00e4 MacBooki, MacBook Pro tai MacBook Air:n normaalin monitorin, projektorin, tai LCD-television, jossa on VGA-liitin.<\/p>\n","protected":false},"excerpt":{"rendered":"<p>Valkoinen MiniDP-VGA 0.15m Adapteri<\/p>\n","protected":false},"featured_media":35,"comment_status":"closed","ping_status":"closed","template":"","meta":[],"product_brand":[],"product_cat":[15],"product_tag":[26],"class_list":{"0":"post-34","1":"product","2":"type-product","3":"status-publish","4":"has-post-thumbnail","6":"product_cat-uncategorized","7":"product_tag-adapterit","9":"first","10":"instock","11":"purchasable","12":"product-type-simple"},"jetpack_sharing_enabled":true,"_links":{"self":[{"href":"https:\/\/www.hypertera.com\/index.php?rest_route=\/wp\/v2\/product\/34","targetHints":{"allow":["GET"]}}],"collection":[{"href":"https:\/\/www.hypertera.com\/index.php?rest_route=\/wp\/v2\/product"}],"about":[{"href":"https:\/\/www.hypertera.com\/index.php?rest_route=\/wp\/v2\/types\/product"}],"replies":[{"embeddable":true,"href":"https:\/\/www.hypertera.com\/index.php?rest_route=%2Fwp%2Fv2%2Fcomments&post=34"}],"wp:featuredmedia":[{"embeddable":true,"href":"https:\/\/www.hypertera.com\/index.php?rest_route=\/wp\/v2\/media\/35"}],"wp:attachment":[{"href":"https:\/\/www.hypertera.com\/index.php?rest_route=%2Fwp%2Fv2%2Fmedia&parent=34"}],"wp:term":[{"taxonomy":"product_brand","embeddable":true,"href":"https:\/\/www.hypertera.com\/index.php?rest_route=%2Fwp%2Fv2%2Fproduct_brand&post=34"},{"taxonomy":"product_cat","embeddable":true,"href":"https:\/\/www.hypertera.com\/index.php?rest_route=%2Fwp%2Fv2%2Fproduct_cat&post=34"},{"taxonomy":"product_tag","embeddable":true,"href":"https:\/\/www.hypertera.com\/index.php?rest_route=%2Fwp%2Fv2%2Fproduct_tag&post=34"}],"curies":[{"name":"wp","href":"https:\/\/api.w.org\/{rel}","templated":true}]}}