{"id":333,"date":"2022-07-21T14:06:52","date_gmt":"2022-07-21T14:06:52","guid":{"rendered":"https:\/\/www.hypertera.com\/?product=hakemisto-a4-1-6-varillinen"},"modified":"2022-07-21T14:06:52","modified_gmt":"2022-07-21T14:06:52","slug":"hakemisto-a4-1-6-varillinen","status":"publish","type":"product","link":"https:\/\/www.hypertera.com\/?product=hakemisto-a4-1-6-varillinen","title":{"rendered":"Hakemisto, A4, 1-6, v\u00e4rillinen"},"content":{"rendered":"<p>V\u00e4rik\u00e4s hakemisto, joka on tehty 180 g kartongista. Kansilehti on valkoista pahvia. Hakemistossa euro-rei`itys sek\u00e4 6 numeroitua v\u00e4lilehte\u00e4.<\/p>\n","protected":false},"excerpt":{"rendered":"<p>F-Office Hakemisto<\/p>\n","protected":false},"featured_media":334,"comment_status":"closed","ping_status":"closed","template":"","meta":[],"product_brand":[],"product_cat":[144,31,88,30,89,16],"product_tag":[145],"class_list":{"0":"post-333","1":"product","2":"type-product","3":"status-publish","4":"has-post-thumbnail","6":"product_cat-hakemistot","7":"product_cat-kansiot-ja-mapit","8":"product_cat-kansiotarvikkeettuotteet","9":"product_cat-toimistotarvikkeet","10":"product_cat-toimistotarvikkeet-kansiotarvikkeettuotteet","11":"product_cat-tuotteet","12":"product_tag-hakemistot","14":"first","15":"instock","16":"purchasable","17":"product-type-simple"},"jetpack_sharing_enabled":true,"_links":{"self":[{"href":"https:\/\/www.hypertera.com\/index.php?rest_route=\/wp\/v2\/product\/333","targetHints":{"allow":["GET"]}}],"collection":[{"href":"https:\/\/www.hypertera.com\/index.php?rest_route=\/wp\/v2\/product"}],"about":[{"href":"https:\/\/www.hypertera.com\/index.php?rest_route=\/wp\/v2\/types\/product"}],"replies":[{"embeddable":true,"href":"https:\/\/www.hypertera.com\/index.php?rest_route=%2Fwp%2Fv2%2Fcomments&post=333"}],"wp:featuredmedia":[{"embeddable":true,"href":"https:\/\/www.hypertera.com\/index.php?rest_route=\/wp\/v2\/media\/334"}],"wp:attachment":[{"href":"https:\/\/www.hypertera.com\/index.php?rest_route=%2Fwp%2Fv2%2Fmedia&parent=333"}],"wp:term":[{"taxonomy":"product_brand","embeddable":true,"href":"https:\/\/www.hypertera.com\/index.php?rest_route=%2Fwp%2Fv2%2Fproduct_brand&post=333"},{"taxonomy":"product_cat","embeddable":true,"href":"https:\/\/www.hypertera.com\/index.php?rest_route=%2Fwp%2Fv2%2Fproduct_cat&post=333"},{"taxonomy":"product_tag","embeddable":true,"href":"https:\/\/www.hypertera.com\/index.php?rest_route=%2Fwp%2Fv2%2Fproduct_tag&post=333"}],"curies":[{"name":"wp","href":"https:\/\/api.w.org\/{rel}","templated":true}]}}