{"id":3120,"date":"2022-07-21T15:40:35","date_gmt":"2022-07-21T15:40:35","guid":{"rendered":"https:\/\/www.hypertera.com\/?product=yleisteippi-scotch-550-12mm-x-33m"},"modified":"2022-07-21T15:40:44","modified_gmt":"2022-07-21T15:40:44","slug":"yleisteippi-scotch-550-12mm-x-33m","status":"publish","type":"product","link":"https:\/\/www.hypertera.com\/?product=yleisteippi-scotch-550-12mm-x-33m","title":{"rendered":"Yleisteippi, Scotch 550, 12mm x 33m"},"content":{"rendered":"<p>Eritt\u00e4in vahva yleisteippi on kest\u00e4v\u00e4 ja se kiinnitt\u00e4\u00e4 pit\u00e4v\u00e4sti. Soveltuu erinomaisesti esim. pienien pakettien ja kirjekuorien sulkemiseen tai julisteiden kiinnitt\u00e4miseen.<\/p>\n","protected":false},"excerpt":{"rendered":"<p>Eritt\u00e4in vahva yleisteippi on kest\u00e4v\u00e4 ja se kiinnitt\u00e4\u00e4 pit\u00e4v\u00e4sti. Soveltuu erinomaisesti esim. pienien pakettien ja kirjekuorien sulkemiseen tai julisteiden kiinnitt\u00e4miseen.<\/p>\n","protected":false},"featured_media":3121,"comment_status":"closed","ping_status":"closed","template":"","meta":[],"product_brand":[],"product_cat":[331,30,16,898],"product_tag":[899],"class_list":{"0":"post-3120","1":"product","2":"type-product","3":"status-publish","4":"has-post-thumbnail","6":"product_cat-teipit-liimat-ja-korjaustarvikkeet-toimistotarvikkeet","7":"product_cat-toimistotarvikkeet","8":"product_cat-tuotteet","9":"product_cat-yleisteipit-teipit-liimat-ja-korjaustarvikkeet-toimistotarvikkeet","10":"product_tag-yleisteipit","12":"first","13":"instock","14":"purchasable","15":"product-type-simple"},"jetpack_sharing_enabled":true,"_links":{"self":[{"href":"https:\/\/www.hypertera.com\/index.php?rest_route=\/wp\/v2\/product\/3120","targetHints":{"allow":["GET"]}}],"collection":[{"href":"https:\/\/www.hypertera.com\/index.php?rest_route=\/wp\/v2\/product"}],"about":[{"href":"https:\/\/www.hypertera.com\/index.php?rest_route=\/wp\/v2\/types\/product"}],"replies":[{"embeddable":true,"href":"https:\/\/www.hypertera.com\/index.php?rest_route=%2Fwp%2Fv2%2Fcomments&post=3120"}],"wp:featuredmedia":[{"embeddable":true,"href":"https:\/\/www.hypertera.com\/index.php?rest_route=\/wp\/v2\/media\/3121"}],"wp:attachment":[{"href":"https:\/\/www.hypertera.com\/index.php?rest_route=%2Fwp%2Fv2%2Fmedia&parent=3120"}],"wp:term":[{"taxonomy":"product_brand","embeddable":true,"href":"https:\/\/www.hypertera.com\/index.php?rest_route=%2Fwp%2Fv2%2Fproduct_brand&post=3120"},{"taxonomy":"product_cat","embeddable":true,"href":"https:\/\/www.hypertera.com\/index.php?rest_route=%2Fwp%2Fv2%2Fproduct_cat&post=3120"},{"taxonomy":"product_tag","embeddable":true,"href":"https:\/\/www.hypertera.com\/index.php?rest_route=%2Fwp%2Fv2%2Fproduct_tag&post=3120"}],"curies":[{"name":"wp","href":"https:\/\/api.w.org\/{rel}","templated":true}]}}