{"id":3112,"date":"2022-07-21T15:40:35","date_gmt":"2022-07-21T15:40:35","guid":{"rendered":"https:\/\/www.hypertera.com\/?product=yleissakset-21-cm"},"modified":"2023-05-22T12:39:35","modified_gmt":"2023-05-22T12:39:35","slug":"yleissakset-21-cm","status":"publish","type":"product","link":"https:\/\/www.hypertera.com\/?product=yleissakset-21-cm","title":{"rendered":"Yleissakset, 21 cm"},"content":{"rendered":"<p>Perussakset koti- ja toimistok\u00e4ytt\u00f6\u00f6n. 21 senttimetrin pituus on yleisin &#8220;isojen&#8221; saksien koko. Oikeak\u00e4tinen malli.<\/p>\n","protected":false},"excerpt":{"rendered":"<p>Perussakset koti- ja toimistok\u00e4ytt\u00f6\u00f6n. 21 senttimetrin pituus on yleisin &#8220;isojen&#8221; saksien koko. Oikeak\u00e4tinen malli.<\/p>\n","protected":false},"featured_media":3113,"comment_status":"closed","ping_status":"closed","template":"","meta":[],"product_brand":[],"product_cat":[735,76,30,16],"product_tag":[897],"class_list":{"0":"post-3112","1":"product","2":"type-product","3":"status-publish","4":"has-post-thumbnail","6":"product_cat-sakset-toimiston-pientarvikkeet-toimistotarvikkeet","7":"product_cat-toimiston-pientarvikkeet-toimistotarvikkeet","8":"product_cat-toimistotarvikkeet","9":"product_cat-tuotteet","10":"product_tag-yleissakset","12":"first","13":"outofstock","14":"purchasable","15":"product-type-simple"},"jetpack_sharing_enabled":true,"_links":{"self":[{"href":"https:\/\/www.hypertera.com\/index.php?rest_route=\/wp\/v2\/product\/3112","targetHints":{"allow":["GET"]}}],"collection":[{"href":"https:\/\/www.hypertera.com\/index.php?rest_route=\/wp\/v2\/product"}],"about":[{"href":"https:\/\/www.hypertera.com\/index.php?rest_route=\/wp\/v2\/types\/product"}],"replies":[{"embeddable":true,"href":"https:\/\/www.hypertera.com\/index.php?rest_route=%2Fwp%2Fv2%2Fcomments&post=3112"}],"wp:featuredmedia":[{"embeddable":true,"href":"https:\/\/www.hypertera.com\/index.php?rest_route=\/wp\/v2\/media\/3113"}],"wp:attachment":[{"href":"https:\/\/www.hypertera.com\/index.php?rest_route=%2Fwp%2Fv2%2Fmedia&parent=3112"}],"wp:term":[{"taxonomy":"product_brand","embeddable":true,"href":"https:\/\/www.hypertera.com\/index.php?rest_route=%2Fwp%2Fv2%2Fproduct_brand&post=3112"},{"taxonomy":"product_cat","embeddable":true,"href":"https:\/\/www.hypertera.com\/index.php?rest_route=%2Fwp%2Fv2%2Fproduct_cat&post=3112"},{"taxonomy":"product_tag","embeddable":true,"href":"https:\/\/www.hypertera.com\/index.php?rest_route=%2Fwp%2Fv2%2Fproduct_tag&post=3112"}],"curies":[{"name":"wp","href":"https:\/\/api.w.org\/{rel}","templated":true}]}}