{"id":3108,"date":"2022-07-21T15:40:17","date_gmt":"2022-07-21T15:40:17","guid":{"rendered":"https:\/\/www.hypertera.com\/?product=yleiskaukosaadin-philips-srp4004-86-pimeassa-hohtavat-painikkeet"},"modified":"2022-07-21T15:40:22","modified_gmt":"2022-07-21T15:40:22","slug":"yleiskaukosaadin-philips-srp4004-86-pimeassa-hohtavat-painikkeet","status":"publish","type":"product","link":"https:\/\/www.hypertera.com\/?product=yleiskaukosaadin-philips-srp4004-86-pimeassa-hohtavat-painikkeet","title":{"rendered":"Yleiskaukos\u00e4\u00e4din, Philips SRP4004\/86, pime\u00e4ss\u00e4 hohtavat painikkeet"},"content":{"rendered":"<p>Yleiskaukos\u00e4\u00e4din. Nopea ja helppo asentaa. Pime\u00e4ss\u00e4 hohtavat painikkeet. Isot, mukavat painikkeet. mukana 2 AA paristoa.  Helppok\u00e4ytt\u00f6inen SimpleSetup on Philipsin ainutlaatuinen ominaisuus. Hohtavat painikkeet mahdollistavat kaukos\u00e4\u00e4timen k\u00e4yt\u00f6n pime\u00e4ss\u00e4kin. Suuret painikkeet helpottavat k\u00e4ytt\u00f6\u00e4 ja luettavuutta. Ergonominen muotoilu Luonnollinen istuvuus ja mukava k\u00e4dess\u00e4. Yhteensopiva yli 1 200 merkin kanssa.<\/p>\n","protected":false},"excerpt":{"rendered":"<p>Pime\u00e4ss\u00e4 hohtavat painikkeet Philips SRP4004\/86 Yleiskaukos\u00e4\u00e4din<\/p>\n","protected":false},"featured_media":3109,"comment_status":"closed","ping_status":"closed","template":"","meta":[],"product_brand":[],"product_cat":[15],"product_tag":[896],"class_list":{"0":"post-3108","1":"product","2":"type-product","3":"status-publish","4":"has-post-thumbnail","6":"product_cat-uncategorized","7":"product_tag-yleiskaukosaatimet","9":"first","10":"instock","11":"purchasable","12":"product-type-simple"},"jetpack_sharing_enabled":true,"_links":{"self":[{"href":"https:\/\/www.hypertera.com\/index.php?rest_route=\/wp\/v2\/product\/3108","targetHints":{"allow":["GET"]}}],"collection":[{"href":"https:\/\/www.hypertera.com\/index.php?rest_route=\/wp\/v2\/product"}],"about":[{"href":"https:\/\/www.hypertera.com\/index.php?rest_route=\/wp\/v2\/types\/product"}],"replies":[{"embeddable":true,"href":"https:\/\/www.hypertera.com\/index.php?rest_route=%2Fwp%2Fv2%2Fcomments&post=3108"}],"wp:featuredmedia":[{"embeddable":true,"href":"https:\/\/www.hypertera.com\/index.php?rest_route=\/wp\/v2\/media\/3109"}],"wp:attachment":[{"href":"https:\/\/www.hypertera.com\/index.php?rest_route=%2Fwp%2Fv2%2Fmedia&parent=3108"}],"wp:term":[{"taxonomy":"product_brand","embeddable":true,"href":"https:\/\/www.hypertera.com\/index.php?rest_route=%2Fwp%2Fv2%2Fproduct_brand&post=3108"},{"taxonomy":"product_cat","embeddable":true,"href":"https:\/\/www.hypertera.com\/index.php?rest_route=%2Fwp%2Fv2%2Fproduct_cat&post=3108"},{"taxonomy":"product_tag","embeddable":true,"href":"https:\/\/www.hypertera.com\/index.php?rest_route=%2Fwp%2Fv2%2Fproduct_tag&post=3108"}],"curies":[{"name":"wp","href":"https:\/\/api.w.org\/{rel}","templated":true}]}}