{"id":3104,"date":"2022-07-21T15:40:17","date_gmt":"2022-07-21T15:40:17","guid":{"rendered":"https:\/\/www.hypertera.com\/?product=x-teippi-scotch-810-19x33m-4rllkatk-c60-1-pkt-4"},"modified":"2022-07-21T15:40:18","modified_gmt":"2022-07-21T15:40:18","slug":"x-teippi-scotch-810-19x33m-4rllkatk-c60-1-pkt-4","status":"publish","type":"product","link":"https:\/\/www.hypertera.com\/?product=x-teippi-scotch-810-19x33m-4rllkatk-c60-1-pkt-4","title":{"rendered":"X Teippi, Scotch 810, 19x33m 4rll+katk, c60, 1 pkt\/4"},"content":{"rendered":"<p>Korkealuokkainen, mattapintainen teippi. Ei murru eik\u00e4 kellastu. Ei n\u00e4y valokopioissa. Teipille voi kirjoittaa. Katkaisulaitteen sis\u00e4ll\u00e4 oleva hiekka tekee telineest\u00e4 tukevan ja pohjassa olevien liukuesteiden ansiosta teline pysyy hyvin paikoillaan.<\/p>\n","protected":false},"excerpt":{"rendered":"<p>Korkealuokkainen, mattapintainen teippi. Ei murru eik\u00e4 kellastu. Ei n\u00e4y valokopioissa. Teipille voi kirjoittaa. Katkaisulaitteen sis\u00e4ll\u00e4 oleva hiekka tekee telineest\u00e4 tukevan ja pohjassa olevien liukuesteiden ansiosta teline pysyy hyvin paikoillaan.<\/p>\n","protected":false},"featured_media":3105,"comment_status":"closed","ping_status":"closed","template":"","meta":[],"product_brand":[],"product_cat":[64,65,63,67,66,16,799],"product_tag":[800],"class_list":{"0":"post-3104","1":"product","2":"type-product","3":"status-publish","4":"has-post-thumbnail","6":"product_cat-askartelu","7":"product_cat-askarteluvalineettuotteet","8":"product_cat-kotiin-ja-lahjaksi","9":"product_cat-teipit-liimat-ja-korjaustarvikkeet","10":"product_cat-toimistotarvikkeet-askarteluvalineettuotteet","11":"product_cat-tuotteet","12":"product_cat-yleisteipit","13":"product_tag-teipit","15":"first","16":"instock","17":"purchasable","18":"product-type-simple"},"jetpack_sharing_enabled":true,"_links":{"self":[{"href":"https:\/\/www.hypertera.com\/index.php?rest_route=\/wp\/v2\/product\/3104","targetHints":{"allow":["GET"]}}],"collection":[{"href":"https:\/\/www.hypertera.com\/index.php?rest_route=\/wp\/v2\/product"}],"about":[{"href":"https:\/\/www.hypertera.com\/index.php?rest_route=\/wp\/v2\/types\/product"}],"replies":[{"embeddable":true,"href":"https:\/\/www.hypertera.com\/index.php?rest_route=%2Fwp%2Fv2%2Fcomments&post=3104"}],"wp:featuredmedia":[{"embeddable":true,"href":"https:\/\/www.hypertera.com\/index.php?rest_route=\/wp\/v2\/media\/3105"}],"wp:attachment":[{"href":"https:\/\/www.hypertera.com\/index.php?rest_route=%2Fwp%2Fv2%2Fmedia&parent=3104"}],"wp:term":[{"taxonomy":"product_brand","embeddable":true,"href":"https:\/\/www.hypertera.com\/index.php?rest_route=%2Fwp%2Fv2%2Fproduct_brand&post=3104"},{"taxonomy":"product_cat","embeddable":true,"href":"https:\/\/www.hypertera.com\/index.php?rest_route=%2Fwp%2Fv2%2Fproduct_cat&post=3104"},{"taxonomy":"product_tag","embeddable":true,"href":"https:\/\/www.hypertera.com\/index.php?rest_route=%2Fwp%2Fv2%2Fproduct_tag&post=3104"}],"curies":[{"name":"wp","href":"https:\/\/api.w.org\/{rel}","templated":true}]}}