{"id":3096,"date":"2022-07-21T15:40:07","date_gmt":"2022-07-21T15:40:07","guid":{"rendered":"https:\/\/www.hypertera.com\/?product=wc-paperi-tork-standard-225-2-kertainen-1-sak-42"},"modified":"2022-07-21T15:40:11","modified_gmt":"2022-07-21T15:40:11","slug":"wc-paperi-tork-standard-225-2-kertainen-1-sak-42","status":"publish","type":"product","link":"https:\/\/www.hypertera.com\/?product=wc-paperi-tork-standard-225-2-kertainen-1-sak-42","title":{"rendered":"WC-Paperi, Tork Standard 225, 2-kertainen, 1 s\u00e4k\/42"},"content":{"rendered":"<p>Standard&ndash; Luokkansa ykk\u00f6nen  Sinulle, joka etsit taloudellista mutta laadukasta vaihtoehtoa saniteettitilaasi.    225 ark\/rll, 6&#215;7 rll\/s\u00e4kki, 36 s\u00e4kki\u00e4\/lava.  2-kertainen. Rullan leveys 98 mm.  28 m\/rll.     Vastaava tuote Lotus Professional Standard, 2 kerroksisen wc-paperin kanssa.<\/p>\n","protected":false},"excerpt":{"rendered":"<p>Standard&ndash; Luokkansa ykk\u00f6nen Sinulle, joka etsit taloudellista mutta laadukasta vaihtoehtoa saniteettitilaasi. 225 ark\/rll, 6&#215;7 rll\/s\u00e4kki, 36 s\u00e4kki\u00e4\/lava. 2-kertainen. Rullan leveys 98 mm. 28 m\/rll. Vastaava tuote Lotus Professional Standard, 2 kerroksisen wc-paperin kanssa.<\/p>\n","protected":false},"featured_media":3097,"comment_status":"closed","ping_status":"closed","template":"","meta":[],"product_brand":[],"product_cat":[195,16,893],"product_tag":[894],"class_list":{"0":"post-3096","1":"product","2":"type-product","3":"status-publish","4":"has-post-thumbnail","6":"product_cat-taloustarvikkeet","7":"product_cat-tuotteet","8":"product_cat-wc-paperit-taloustarvikkeet","9":"product_tag-wc-paperit","11":"first","12":"outofstock","13":"purchasable","14":"product-type-simple"},"jetpack_sharing_enabled":true,"_links":{"self":[{"href":"https:\/\/www.hypertera.com\/index.php?rest_route=\/wp\/v2\/product\/3096","targetHints":{"allow":["GET"]}}],"collection":[{"href":"https:\/\/www.hypertera.com\/index.php?rest_route=\/wp\/v2\/product"}],"about":[{"href":"https:\/\/www.hypertera.com\/index.php?rest_route=\/wp\/v2\/types\/product"}],"replies":[{"embeddable":true,"href":"https:\/\/www.hypertera.com\/index.php?rest_route=%2Fwp%2Fv2%2Fcomments&post=3096"}],"wp:featuredmedia":[{"embeddable":true,"href":"https:\/\/www.hypertera.com\/index.php?rest_route=\/wp\/v2\/media\/3097"}],"wp:attachment":[{"href":"https:\/\/www.hypertera.com\/index.php?rest_route=%2Fwp%2Fv2%2Fmedia&parent=3096"}],"wp:term":[{"taxonomy":"product_brand","embeddable":true,"href":"https:\/\/www.hypertera.com\/index.php?rest_route=%2Fwp%2Fv2%2Fproduct_brand&post=3096"},{"taxonomy":"product_cat","embeddable":true,"href":"https:\/\/www.hypertera.com\/index.php?rest_route=%2Fwp%2Fv2%2Fproduct_cat&post=3096"},{"taxonomy":"product_tag","embeddable":true,"href":"https:\/\/www.hypertera.com\/index.php?rest_route=%2Fwp%2Fv2%2Fproduct_tag&post=3096"}],"curies":[{"name":"wp","href":"https:\/\/api.w.org\/{rel}","templated":true}]}}