{"id":3094,"date":"2022-07-21T15:40:07","date_gmt":"2022-07-21T15:40:07","guid":{"rendered":"https:\/\/www.hypertera.com\/?product=wc-paperi-lotus-soft-embo-flush-n-go-1-sak-40-rll"},"modified":"2022-07-21T15:40:09","modified_gmt":"2022-07-21T15:40:09","slug":"wc-paperi-lotus-soft-embo-flush-n-go-1-sak-40-rll","status":"publish","type":"product","link":"https:\/\/www.hypertera.com\/?product=wc-paperi-lotus-soft-embo-flush-n-go-1-sak-40-rll","title":{"rendered":"WC-Paperi, Lotus Soft Embo,  Flush n Go, 1 s\u00e4k\/40 rll"},"content":{"rendered":"<p>Luotettavin valinta ja pehme\u00e4 laatu.    Uusi raikas pakkaus, sama tuttu luotettava laatu. Lotus Soft Embo on suomalaisten kestosuosikki. Siin\u00e4 yhdistyv\u00e4t juuri sopivassa suhteessa pehmeys ja kest\u00e4vyys. Pehment\u00e4v\u00e4\u00e4 100 % selluloosaa sis\u00e4lt\u00e4v\u00e4 p\u00e4\u00e4llikerros ja upea pintakuviointi viimeistelev\u00e4t korkealaatuisen tuotteen.    T\u00e4ss\u00e4 tuotteessa on Flush&#038;Go&reg; -hylsy, jonka voi huuhtoa viem\u00e4rist\u00e4 alas. Flush&#038;Go-hylsy hajoaa veteen kuin wc-paperi. 100 % varmuudella.  3 paperikerrosta  153 arkkia rullassa  Arkin koko (leveys*pituus) 102*125 mm  S\u00e4kiss\u00e4 5x 8 rullan pakkausta.<\/p>\n","protected":false},"excerpt":{"rendered":"<p>Lotus Soft Embo WC-Paperi, 1 s\u00e4k\/40 rll<\/p>\n","protected":false},"featured_media":3095,"comment_status":"closed","ping_status":"closed","template":"","meta":[],"product_brand":[],"product_cat":[195,16,893],"product_tag":[894],"class_list":{"0":"post-3094","1":"product","2":"type-product","3":"status-publish","4":"has-post-thumbnail","6":"product_cat-taloustarvikkeet","7":"product_cat-tuotteet","8":"product_cat-wc-paperit-taloustarvikkeet","9":"product_tag-wc-paperit","11":"first","12":"outofstock","13":"purchasable","14":"product-type-simple"},"jetpack_sharing_enabled":true,"_links":{"self":[{"href":"https:\/\/www.hypertera.com\/index.php?rest_route=\/wp\/v2\/product\/3094","targetHints":{"allow":["GET"]}}],"collection":[{"href":"https:\/\/www.hypertera.com\/index.php?rest_route=\/wp\/v2\/product"}],"about":[{"href":"https:\/\/www.hypertera.com\/index.php?rest_route=\/wp\/v2\/types\/product"}],"replies":[{"embeddable":true,"href":"https:\/\/www.hypertera.com\/index.php?rest_route=%2Fwp%2Fv2%2Fcomments&post=3094"}],"wp:featuredmedia":[{"embeddable":true,"href":"https:\/\/www.hypertera.com\/index.php?rest_route=\/wp\/v2\/media\/3095"}],"wp:attachment":[{"href":"https:\/\/www.hypertera.com\/index.php?rest_route=%2Fwp%2Fv2%2Fmedia&parent=3094"}],"wp:term":[{"taxonomy":"product_brand","embeddable":true,"href":"https:\/\/www.hypertera.com\/index.php?rest_route=%2Fwp%2Fv2%2Fproduct_brand&post=3094"},{"taxonomy":"product_cat","embeddable":true,"href":"https:\/\/www.hypertera.com\/index.php?rest_route=%2Fwp%2Fv2%2Fproduct_cat&post=3094"},{"taxonomy":"product_tag","embeddable":true,"href":"https:\/\/www.hypertera.com\/index.php?rest_route=%2Fwp%2Fv2%2Fproduct_tag&post=3094"}],"curies":[{"name":"wp","href":"https:\/\/api.w.org\/{rel}","templated":true}]}}