{"id":3082,"date":"2022-07-21T15:39:48","date_gmt":"2022-07-21T15:39:48","guid":{"rendered":"https:\/\/www.hypertera.com\/?product=voimanitoja-100-arkkia-24-6-13"},"modified":"2022-07-21T15:39:49","modified_gmt":"2022-07-21T15:39:49","slug":"voimanitoja-100-arkkia-24-6-13","status":"publish","type":"product","link":"https:\/\/www.hypertera.com\/?product=voimanitoja-100-arkkia-24-6-13","title":{"rendered":"Voimanitoja, 100 arkkia, 24\/6-13"},"content":{"rendered":"<p>Tehokas voimanitoja ter\u00e4rungolla ja -mekansimilla. Nitoo jopa 100 arkkia kerralla. K\u00e4yt\u00e4 oikeaa niitti\u00e4 paperim\u00e4\u00e4r\u00e4n mukaan parhaan lopputuloksen saamiseksi.   Nasta Sivum\u00e4\u00e4r\u00e4   24\/6 tai 23\/6 n. 20   24\/8 tai 23\/8 n. 50   24\/10 tai 23\/10 n. 75   24\/13 tai 23\/13 n. 100   Nidontasyvyys 80 mm.<\/p>\n","protected":false},"excerpt":{"rendered":"<p>Voimanitoja 100 arkkia, 23\/6-13<\/p>\n","protected":false},"featured_media":3083,"comment_status":"closed","ping_status":"closed","template":"","meta":[],"product_brand":[],"product_cat":[530,30,16,881],"product_tag":[882],"class_list":{"0":"post-3082","1":"product","2":"type-product","3":"status-publish","4":"has-post-thumbnail","6":"product_cat-nitojat-ja-lavistimet","7":"product_cat-toimistotarvikkeet","8":"product_cat-tuotteet","9":"product_cat-voimanitojat","10":"product_tag-voimanitojat","12":"first","13":"instock","14":"purchasable","15":"product-type-simple"},"jetpack_sharing_enabled":true,"_links":{"self":[{"href":"https:\/\/www.hypertera.com\/index.php?rest_route=\/wp\/v2\/product\/3082","targetHints":{"allow":["GET"]}}],"collection":[{"href":"https:\/\/www.hypertera.com\/index.php?rest_route=\/wp\/v2\/product"}],"about":[{"href":"https:\/\/www.hypertera.com\/index.php?rest_route=\/wp\/v2\/types\/product"}],"replies":[{"embeddable":true,"href":"https:\/\/www.hypertera.com\/index.php?rest_route=%2Fwp%2Fv2%2Fcomments&post=3082"}],"wp:featuredmedia":[{"embeddable":true,"href":"https:\/\/www.hypertera.com\/index.php?rest_route=\/wp\/v2\/media\/3083"}],"wp:attachment":[{"href":"https:\/\/www.hypertera.com\/index.php?rest_route=%2Fwp%2Fv2%2Fmedia&parent=3082"}],"wp:term":[{"taxonomy":"product_brand","embeddable":true,"href":"https:\/\/www.hypertera.com\/index.php?rest_route=%2Fwp%2Fv2%2Fproduct_brand&post=3082"},{"taxonomy":"product_cat","embeddable":true,"href":"https:\/\/www.hypertera.com\/index.php?rest_route=%2Fwp%2Fv2%2Fproduct_cat&post=3082"},{"taxonomy":"product_tag","embeddable":true,"href":"https:\/\/www.hypertera.com\/index.php?rest_route=%2Fwp%2Fv2%2Fproduct_tag&post=3082"}],"curies":[{"name":"wp","href":"https:\/\/api.w.org\/{rel}","templated":true}]}}