{"id":3080,"date":"2022-07-21T15:39:34","date_gmt":"2022-07-21T15:39:34","guid":{"rendered":"https:\/\/www.hypertera.com\/?product=voimalavistaja-70-arkkia-2-reikaa-musta"},"modified":"2022-07-21T15:39:41","modified_gmt":"2022-07-21T15:39:41","slug":"voimalavistaja-70-arkkia-2-reikaa-musta","status":"publish","type":"product","link":"https:\/\/www.hypertera.com\/?product=voimalavistaja-70-arkkia-2-reikaa-musta","title":{"rendered":"Voimal\u00e4vist\u00e4j\u00e4, 70 arkkia, 2 reik\u00e4\u00e4, musta"},"content":{"rendered":"<p>Voimakas l\u00e4vist\u00e4j\u00e4 jopa 70 arkin l\u00e4vist\u00e4miseen. Vahva metallirunko ja -mekanismi. Kumiupotus. Mukana muovinen paperiohjain.<\/p>\n","protected":false},"excerpt":{"rendered":"<p>Voimal\u00e4vist\u00e4j\u00e4 70 arkkia, 2 reik\u00e4\u00e4, musta<\/p>\n","protected":false},"featured_media":3081,"comment_status":"closed","ping_status":"closed","template":"","meta":[],"product_brand":[],"product_cat":[15],"product_tag":[880],"class_list":{"0":"post-3080","1":"product","2":"type-product","3":"status-publish","4":"has-post-thumbnail","6":"product_cat-uncategorized","7":"product_tag-voimalavistajat","9":"first","10":"instock","11":"purchasable","12":"product-type-simple"},"jetpack_sharing_enabled":true,"_links":{"self":[{"href":"https:\/\/www.hypertera.com\/index.php?rest_route=\/wp\/v2\/product\/3080","targetHints":{"allow":["GET"]}}],"collection":[{"href":"https:\/\/www.hypertera.com\/index.php?rest_route=\/wp\/v2\/product"}],"about":[{"href":"https:\/\/www.hypertera.com\/index.php?rest_route=\/wp\/v2\/types\/product"}],"replies":[{"embeddable":true,"href":"https:\/\/www.hypertera.com\/index.php?rest_route=%2Fwp%2Fv2%2Fcomments&post=3080"}],"wp:featuredmedia":[{"embeddable":true,"href":"https:\/\/www.hypertera.com\/index.php?rest_route=\/wp\/v2\/media\/3081"}],"wp:attachment":[{"href":"https:\/\/www.hypertera.com\/index.php?rest_route=%2Fwp%2Fv2%2Fmedia&parent=3080"}],"wp:term":[{"taxonomy":"product_brand","embeddable":true,"href":"https:\/\/www.hypertera.com\/index.php?rest_route=%2Fwp%2Fv2%2Fproduct_brand&post=3080"},{"taxonomy":"product_cat","embeddable":true,"href":"https:\/\/www.hypertera.com\/index.php?rest_route=%2Fwp%2Fv2%2Fproduct_cat&post=3080"},{"taxonomy":"product_tag","embeddable":true,"href":"https:\/\/www.hypertera.com\/index.php?rest_route=%2Fwp%2Fv2%2Fproduct_tag&post=3080"}],"curies":[{"name":"wp","href":"https:\/\/api.w.org\/{rel}","templated":true}]}}