{"id":3078,"date":"2022-07-21T15:39:34","date_gmt":"2022-07-21T15:39:34","guid":{"rendered":"https:\/\/www.hypertera.com\/?product=voimakansio-deli-secretary-sininen"},"modified":"2022-07-21T15:39:40","modified_gmt":"2022-07-21T15:39:40","slug":"voimakansio-deli-secretary-sininen","status":"publish","type":"product","link":"https:\/\/www.hypertera.com\/?product=voimakansio-deli-secretary-sininen","title":{"rendered":"Voimakansio, Deli Secretary, sininen"},"content":{"rendered":"<p>Vahva muovikansio jatkuvaan k\u00e4ytt\u00f6\u00f6n. Vetoaukko, ja kiinnityskuminauha helpottava k\u00e4ytt\u00f6\u00e4. Taustassa on suurikokoinen tasku otsakkeellle. Selk\u00e4myksen leveys on 60mm. Soveltuu A4- ja t\u00e4t\u00e4 pienemm\u00e4lle paperille.  Valmistettu vahvasta polypropeenista vahvalla mekanismilla.<\/p>\n","protected":false},"excerpt":{"rendered":"<p>Sininen Deli Secretary Voimakansio<\/p>\n","protected":false},"featured_media":3079,"comment_status":"closed","ping_status":"closed","template":"","meta":[],"product_brand":[],"product_cat":[15],"product_tag":[879],"class_list":{"0":"post-3078","1":"product","2":"type-product","3":"status-publish","4":"has-post-thumbnail","6":"product_cat-uncategorized","7":"product_tag-voimakansiot","9":"first","10":"instock","11":"purchasable","12":"product-type-simple"},"jetpack_sharing_enabled":true,"_links":{"self":[{"href":"https:\/\/www.hypertera.com\/index.php?rest_route=\/wp\/v2\/product\/3078","targetHints":{"allow":["GET"]}}],"collection":[{"href":"https:\/\/www.hypertera.com\/index.php?rest_route=\/wp\/v2\/product"}],"about":[{"href":"https:\/\/www.hypertera.com\/index.php?rest_route=\/wp\/v2\/types\/product"}],"replies":[{"embeddable":true,"href":"https:\/\/www.hypertera.com\/index.php?rest_route=%2Fwp%2Fv2%2Fcomments&post=3078"}],"wp:featuredmedia":[{"embeddable":true,"href":"https:\/\/www.hypertera.com\/index.php?rest_route=\/wp\/v2\/media\/3079"}],"wp:attachment":[{"href":"https:\/\/www.hypertera.com\/index.php?rest_route=%2Fwp%2Fv2%2Fmedia&parent=3078"}],"wp:term":[{"taxonomy":"product_brand","embeddable":true,"href":"https:\/\/www.hypertera.com\/index.php?rest_route=%2Fwp%2Fv2%2Fproduct_brand&post=3078"},{"taxonomy":"product_cat","embeddable":true,"href":"https:\/\/www.hypertera.com\/index.php?rest_route=%2Fwp%2Fv2%2Fproduct_cat&post=3078"},{"taxonomy":"product_tag","embeddable":true,"href":"https:\/\/www.hypertera.com\/index.php?rest_route=%2Fwp%2Fv2%2Fproduct_tag&post=3078"}],"curies":[{"name":"wp","href":"https:\/\/api.w.org\/{rel}","templated":true}]}}