{"id":3074,"date":"2022-07-21T15:39:34","date_gmt":"2022-07-21T15:39:34","guid":{"rendered":"https:\/\/www.hypertera.com\/?product=viivakoodilukija-champtek-kyna-musta"},"modified":"2022-07-21T15:39:37","modified_gmt":"2022-07-21T15:39:37","slug":"viivakoodilukija-champtek-kyna-musta","status":"publish","type":"product","link":"https:\/\/www.hypertera.com\/?product=viivakoodilukija-champtek-kyna-musta","title":{"rendered":"Viivakoodilukija, Champtek, kyn\u00e4, musta"},"content":{"rendered":"<p>Viivakoodilukija, Champtek Kyn\u00e4. Kyn\u00e4lukija viivakoodille. Liitet\u00e4\u00e4n koneen n\u00e4pp\u00e4imist\u00f6-porttin. Kyn\u00e4mallisella lukijalla voit lukea kuinka leve\u00e4\u00e4 viivakoodia tahansa. Parhaan lukutuloksen saat pit\u00e4m\u00e4ll\u00e4 kyn\u00e4\u00e4 mahdollisimman pystyss\u00e4. Muistathan my\u00f6s muuttaa kyn\u00e4n kieliasetuksen n\u00e4pp\u00e4imist\u00f6si kieliasetuksen mukaiseksi.<\/p>\n","protected":false},"excerpt":{"rendered":"<p>Musta Champtek kyn\u00e4 Viivakoodilukija<\/p>\n","protected":false},"featured_media":3075,"comment_status":"closed","ping_status":"closed","template":"","meta":[],"product_brand":[],"product_cat":[17,16,877],"product_tag":[878],"class_list":{"0":"post-3074","1":"product","2":"type-product","3":"status-publish","4":"has-post-thumbnail","6":"product_cat-laitteet-tekniikka","7":"product_cat-tuotteet","8":"product_cat-viivakoodinlukijat","9":"product_tag-viivakoodilukijat","11":"first","12":"instock","13":"purchasable","14":"product-type-simple"},"jetpack_sharing_enabled":true,"_links":{"self":[{"href":"https:\/\/www.hypertera.com\/index.php?rest_route=\/wp\/v2\/product\/3074","targetHints":{"allow":["GET"]}}],"collection":[{"href":"https:\/\/www.hypertera.com\/index.php?rest_route=\/wp\/v2\/product"}],"about":[{"href":"https:\/\/www.hypertera.com\/index.php?rest_route=\/wp\/v2\/types\/product"}],"replies":[{"embeddable":true,"href":"https:\/\/www.hypertera.com\/index.php?rest_route=%2Fwp%2Fv2%2Fcomments&post=3074"}],"wp:featuredmedia":[{"embeddable":true,"href":"https:\/\/www.hypertera.com\/index.php?rest_route=\/wp\/v2\/media\/3075"}],"wp:attachment":[{"href":"https:\/\/www.hypertera.com\/index.php?rest_route=%2Fwp%2Fv2%2Fmedia&parent=3074"}],"wp:term":[{"taxonomy":"product_brand","embeddable":true,"href":"https:\/\/www.hypertera.com\/index.php?rest_route=%2Fwp%2Fv2%2Fproduct_brand&post=3074"},{"taxonomy":"product_cat","embeddable":true,"href":"https:\/\/www.hypertera.com\/index.php?rest_route=%2Fwp%2Fv2%2Fproduct_cat&post=3074"},{"taxonomy":"product_tag","embeddable":true,"href":"https:\/\/www.hypertera.com\/index.php?rest_route=%2Fwp%2Fv2%2Fproduct_tag&post=3074"}],"curies":[{"name":"wp","href":"https:\/\/api.w.org\/{rel}","templated":true}]}}