{"id":3052,"date":"2022-07-21T15:39:04","date_gmt":"2022-07-21T15:39:04","guid":{"rendered":"https:\/\/www.hypertera.com\/?product=viestilappu-post-it-eko-654-76x76-pastelli-1-pkt-6"},"modified":"2022-07-21T15:39:04","modified_gmt":"2022-07-21T15:39:04","slug":"viestilappu-post-it-eko-654-76x76-pastelli-1-pkt-6","status":"publish","type":"product","link":"https:\/\/www.hypertera.com\/?product=viestilappu-post-it-eko-654-76x76-pastelli-1-pkt-6","title":{"rendered":"Viestilappu, Post-It, Eko 654 (76&#215;76) pastelli, 1 pkt\/6"},"content":{"rendered":"<p>Raaka-aine 100% uusiopaperia (kuluttajakierrosta ker\u00e4tty\u00e4, PCW). Blue Angel -sertifioitu. Pakkaukset 100% kierr\u00e4tyskartonkia. Pastelliv\u00e4rilajitelma, pakkauksessa 6 lehti\u00f6t\u00e4, lehti\u00f6ss\u00e4 100 lappua. Laput, taustapaperit ja pakkaukset kierr\u00e4tett\u00e4vi\u00e4.<\/p>\n","protected":false},"excerpt":{"rendered":"<p>Post-It Eko 654 (76&#215;76) pastelli Viestilappu, 1 pkt\/6<\/p>\n","protected":false},"featured_media":3053,"comment_status":"closed","ping_status":"closed","template":"","meta":[],"product_brand":[],"product_cat":[30,16,293,566],"product_tag":[871],"class_list":{"0":"post-3052","1":"product","2":"type-product","3":"status-publish","4":"has-post-thumbnail","6":"product_cat-toimistotarvikkeet","7":"product_cat-tuotteet","8":"product_cat-tyopistetarvikkeet","9":"product_cat-viestilaput","10":"product_tag-viestilaput","12":"first","13":"outofstock","14":"purchasable","15":"product-type-simple"},"jetpack_sharing_enabled":true,"_links":{"self":[{"href":"https:\/\/www.hypertera.com\/index.php?rest_route=\/wp\/v2\/product\/3052","targetHints":{"allow":["GET"]}}],"collection":[{"href":"https:\/\/www.hypertera.com\/index.php?rest_route=\/wp\/v2\/product"}],"about":[{"href":"https:\/\/www.hypertera.com\/index.php?rest_route=\/wp\/v2\/types\/product"}],"replies":[{"embeddable":true,"href":"https:\/\/www.hypertera.com\/index.php?rest_route=%2Fwp%2Fv2%2Fcomments&post=3052"}],"wp:featuredmedia":[{"embeddable":true,"href":"https:\/\/www.hypertera.com\/index.php?rest_route=\/wp\/v2\/media\/3053"}],"wp:attachment":[{"href":"https:\/\/www.hypertera.com\/index.php?rest_route=%2Fwp%2Fv2%2Fmedia&parent=3052"}],"wp:term":[{"taxonomy":"product_brand","embeddable":true,"href":"https:\/\/www.hypertera.com\/index.php?rest_route=%2Fwp%2Fv2%2Fproduct_brand&post=3052"},{"taxonomy":"product_cat","embeddable":true,"href":"https:\/\/www.hypertera.com\/index.php?rest_route=%2Fwp%2Fv2%2Fproduct_cat&post=3052"},{"taxonomy":"product_tag","embeddable":true,"href":"https:\/\/www.hypertera.com\/index.php?rest_route=%2Fwp%2Fv2%2Fproduct_tag&post=3052"}],"curies":[{"name":"wp","href":"https:\/\/api.w.org\/{rel}","templated":true}]}}