{"id":3048,"date":"2022-07-21T15:38:55","date_gmt":"2022-07-21T15:38:55","guid":{"rendered":"https:\/\/www.hypertera.com\/?product=viestilappu-post-it-meeting-notes-a5-1-pkt-4"},"modified":"2022-07-21T15:38:58","modified_gmt":"2022-07-21T15:38:58","slug":"viestilappu-post-it-meeting-notes-a5-1-pkt-4","status":"publish","type":"product","link":"https:\/\/www.hypertera.com\/?product=viestilappu-post-it-meeting-notes-a5-1-pkt-4","title":{"rendered":"Viestilappu, Post-It Meeting Notes, A5, 1 pkt\/4"},"content":{"rendered":"<p>Isoilla viestilapuilla tehoa ryhm\u00e4ty\u00f6skentelyyn, esim. ideointipalavereissa ajatukset suoraan sein\u00e4lle. Super Sticky kiinnittyy l\u00e4hes kaikille pinnoille, my\u00f6s ep\u00e4tasaisille, karheille ja pystypinnoille. Neonv\u00e4rilajitelman kirkkaat v\u00e4rit lis\u00e4\u00e4v\u00e4t tekstin n\u00e4kyvyytt\u00e4. Pakkauksessa 4 lehti\u00f6t\u00e4 joissa jokaisessa 45 arkkia. V\u00e4rit neonpinkki, -vihre\u00e4, -oranssi ja -keltainen. Koko A5.<\/p>\n","protected":false},"excerpt":{"rendered":"<p>Isoilla viestilapuilla tehoa ryhm\u00e4ty\u00f6skentelyyn, esim. ideointipalavereissa ajatukset suoraan sein\u00e4lle. Super Sticky kiinnittyy l\u00e4hes kaikille pinnoille, my\u00f6s ep\u00e4tasaisille, karheille ja pystypinnoille. Neonv\u00e4rilajitelman kirkkaat v\u00e4rit lis\u00e4\u00e4v\u00e4t tekstin n\u00e4kyvyytt\u00e4. Pakkauksessa 4 lehti\u00f6t\u00e4 joissa jokaisessa 45 arkkia. V\u00e4rit neonpinkki, -vihre\u00e4, -oranssi ja -keltainen. Koko A5.<\/p>\n","protected":false},"featured_media":3049,"comment_status":"closed","ping_status":"closed","template":"","meta":[],"product_brand":[],"product_cat":[30,16,293,566],"product_tag":[871],"class_list":{"0":"post-3048","1":"product","2":"type-product","3":"status-publish","4":"has-post-thumbnail","6":"product_cat-toimistotarvikkeet","7":"product_cat-tuotteet","8":"product_cat-tyopistetarvikkeet","9":"product_cat-viestilaput","10":"product_tag-viestilaput","12":"first","13":"instock","14":"purchasable","15":"product-type-simple"},"jetpack_sharing_enabled":true,"_links":{"self":[{"href":"https:\/\/www.hypertera.com\/index.php?rest_route=\/wp\/v2\/product\/3048","targetHints":{"allow":["GET"]}}],"collection":[{"href":"https:\/\/www.hypertera.com\/index.php?rest_route=\/wp\/v2\/product"}],"about":[{"href":"https:\/\/www.hypertera.com\/index.php?rest_route=\/wp\/v2\/types\/product"}],"replies":[{"embeddable":true,"href":"https:\/\/www.hypertera.com\/index.php?rest_route=%2Fwp%2Fv2%2Fcomments&post=3048"}],"wp:featuredmedia":[{"embeddable":true,"href":"https:\/\/www.hypertera.com\/index.php?rest_route=\/wp\/v2\/media\/3049"}],"wp:attachment":[{"href":"https:\/\/www.hypertera.com\/index.php?rest_route=%2Fwp%2Fv2%2Fmedia&parent=3048"}],"wp:term":[{"taxonomy":"product_brand","embeddable":true,"href":"https:\/\/www.hypertera.com\/index.php?rest_route=%2Fwp%2Fv2%2Fproduct_brand&post=3048"},{"taxonomy":"product_cat","embeddable":true,"href":"https:\/\/www.hypertera.com\/index.php?rest_route=%2Fwp%2Fv2%2Fproduct_cat&post=3048"},{"taxonomy":"product_tag","embeddable":true,"href":"https:\/\/www.hypertera.com\/index.php?rest_route=%2Fwp%2Fv2%2Fproduct_tag&post=3048"}],"curies":[{"name":"wp","href":"https:\/\/api.w.org\/{rel}","templated":true}]}}