{"id":3044,"date":"2022-07-21T15:38:55","date_gmt":"2022-07-21T15:38:55","guid":{"rendered":"https:\/\/www.hypertera.com\/?product=viestilappu-post-it-joyful-654-76x76mm"},"modified":"2022-07-21T15:38:56","modified_gmt":"2022-07-21T15:38:56","slug":"viestilappu-post-it-joyful-654-76x76mm","status":"publish","type":"product","link":"https:\/\/www.hypertera.com\/?product=viestilappu-post-it-joyful-654-76x76mm","title":{"rendered":"Viestilappu, Post-It Joyful 654, 76x76mm"},"content":{"rendered":"<p>100 lappua lehti\u00f6ss\u00e4. Raikkaat puna-lila v\u00e4ris\u00e4vyt. ja pehme\u00e4t v\u00e4rit: pastelli pinkki, neonoranssi, neonpinkki, ultrafuksia ja lila.<\/p>\n","protected":false},"excerpt":{"rendered":"<p>100 lappua lehti\u00f6ss\u00e4. Raikkaat puna-lila v\u00e4ris\u00e4vyt. ja pehme\u00e4t v\u00e4rit: pastelli pinkki, neonoranssi, neonpinkki, ultrafuksia ja lila.<\/p>\n","protected":false},"featured_media":3045,"comment_status":"closed","ping_status":"closed","template":"","meta":[],"product_brand":[],"product_cat":[30,16,293,566],"product_tag":[871],"class_list":{"0":"post-3044","1":"product","2":"type-product","3":"status-publish","4":"has-post-thumbnail","6":"product_cat-toimistotarvikkeet","7":"product_cat-tuotteet","8":"product_cat-tyopistetarvikkeet","9":"product_cat-viestilaput","10":"product_tag-viestilaput","12":"first","13":"outofstock","14":"purchasable","15":"product-type-simple"},"jetpack_sharing_enabled":true,"_links":{"self":[{"href":"https:\/\/www.hypertera.com\/index.php?rest_route=\/wp\/v2\/product\/3044","targetHints":{"allow":["GET"]}}],"collection":[{"href":"https:\/\/www.hypertera.com\/index.php?rest_route=\/wp\/v2\/product"}],"about":[{"href":"https:\/\/www.hypertera.com\/index.php?rest_route=\/wp\/v2\/types\/product"}],"replies":[{"embeddable":true,"href":"https:\/\/www.hypertera.com\/index.php?rest_route=%2Fwp%2Fv2%2Fcomments&post=3044"}],"wp:featuredmedia":[{"embeddable":true,"href":"https:\/\/www.hypertera.com\/index.php?rest_route=\/wp\/v2\/media\/3045"}],"wp:attachment":[{"href":"https:\/\/www.hypertera.com\/index.php?rest_route=%2Fwp%2Fv2%2Fmedia&parent=3044"}],"wp:term":[{"taxonomy":"product_brand","embeddable":true,"href":"https:\/\/www.hypertera.com\/index.php?rest_route=%2Fwp%2Fv2%2Fproduct_brand&post=3044"},{"taxonomy":"product_cat","embeddable":true,"href":"https:\/\/www.hypertera.com\/index.php?rest_route=%2Fwp%2Fv2%2Fproduct_cat&post=3044"},{"taxonomy":"product_tag","embeddable":true,"href":"https:\/\/www.hypertera.com\/index.php?rest_route=%2Fwp%2Fv2%2Fproduct_tag&post=3044"}],"curies":[{"name":"wp","href":"https:\/\/api.w.org\/{rel}","templated":true}]}}