{"id":3033,"date":"2022-07-21T15:38:47","date_gmt":"2022-07-21T15:38:47","guid":{"rendered":"https:\/\/www.hypertera.com\/?product=viestilappu-innox-notes-200x100mm-sininen"},"modified":"2022-07-21T15:38:47","modified_gmt":"2022-07-21T15:38:47","slug":"viestilappu-innox-notes-200x100mm-sininen","status":"publish","type":"product","link":"https:\/\/www.hypertera.com\/?product=viestilappu-innox-notes-200x100mm-sininen","title":{"rendered":"Viestilappu, Innox Notes, 200x100mm, sininen"},"content":{"rendered":"<p>Lehti\u00f6 sis\u00e4lt\u00e4\u00e4 100 lappua. Magnetic-tuotteet ovat polypolypropeenikalvosta valmistettuja viestilappuja, jotka pysyv\u00e4t kiinni tasaisissa pinnoissa staattisen s\u00e4hk\u00f6n avulla. Ne tarttuvat molemmin puolin kiinni pintoihin ja v\u00e4rikk\u00e4\u00e4lle etupuolelle voi kirjoittaa mill\u00e4 tahansa kyn\u00e4ll\u00e4 ja valkoinen taustapuoli on pyyhitt\u00e4viss\u00e4, mik\u00e4li siihen kirjoitetetaan vesiliukoisella tussilla. Tuotteet eiv\u00e4t sis\u00e4ll\u00e4 liimaa, joten niit\u00e4 voi siirt\u00e4\u00e4 ja liikuttaa vapaasti, eiv\u00e4tk\u00e4 ne j\u00e4t\u00e4 tahroja. Tuotteet on valmistettu Suomessa ja ne ovat kierr\u00e4tett\u00e4viss\u00e4 muovin tavoin.<\/p>\n","protected":false},"excerpt":{"rendered":"<p>Innox Notes 200x100mm sininen Viestilappu<\/p>\n","protected":false},"featured_media":3034,"comment_status":"closed","ping_status":"closed","template":"","meta":[],"product_brand":[],"product_cat":[30,16,293,566],"product_tag":[871],"class_list":{"0":"post-3033","1":"product","2":"type-product","3":"status-publish","4":"has-post-thumbnail","6":"product_cat-toimistotarvikkeet","7":"product_cat-tuotteet","8":"product_cat-tyopistetarvikkeet","9":"product_cat-viestilaput","10":"product_tag-viestilaput","12":"first","13":"instock","14":"purchasable","15":"product-type-simple"},"jetpack_sharing_enabled":true,"_links":{"self":[{"href":"https:\/\/www.hypertera.com\/index.php?rest_route=\/wp\/v2\/product\/3033","targetHints":{"allow":["GET"]}}],"collection":[{"href":"https:\/\/www.hypertera.com\/index.php?rest_route=\/wp\/v2\/product"}],"about":[{"href":"https:\/\/www.hypertera.com\/index.php?rest_route=\/wp\/v2\/types\/product"}],"replies":[{"embeddable":true,"href":"https:\/\/www.hypertera.com\/index.php?rest_route=%2Fwp%2Fv2%2Fcomments&post=3033"}],"wp:featuredmedia":[{"embeddable":true,"href":"https:\/\/www.hypertera.com\/index.php?rest_route=\/wp\/v2\/media\/3034"}],"wp:attachment":[{"href":"https:\/\/www.hypertera.com\/index.php?rest_route=%2Fwp%2Fv2%2Fmedia&parent=3033"}],"wp:term":[{"taxonomy":"product_brand","embeddable":true,"href":"https:\/\/www.hypertera.com\/index.php?rest_route=%2Fwp%2Fv2%2Fproduct_brand&post=3033"},{"taxonomy":"product_cat","embeddable":true,"href":"https:\/\/www.hypertera.com\/index.php?rest_route=%2Fwp%2Fv2%2Fproduct_cat&post=3033"},{"taxonomy":"product_tag","embeddable":true,"href":"https:\/\/www.hypertera.com\/index.php?rest_route=%2Fwp%2Fv2%2Fproduct_tag&post=3033"}],"curies":[{"name":"wp","href":"https:\/\/api.w.org\/{rel}","templated":true}]}}