{"id":303,"date":"2022-07-21T14:05:55","date_gmt":"2022-07-21T14:05:55","guid":{"rendered":"https:\/\/www.hypertera.com\/?product=haarukkanosturi-cy-15-1500-kg"},"modified":"2022-07-21T14:06:08","modified_gmt":"2022-07-21T14:06:08","slug":"haarukkanosturi-cy-15-1500-kg","status":"publish","type":"product","link":"https:\/\/www.hypertera.com\/?product=haarukkanosturi-cy-15-1500-kg","title":{"rendered":"Haarukkanosturi, CY 15, 1500 kg"},"content":{"rendered":"<p>Haarukkanosturin kapasiteetti 1500 kg. Haarukoiden pituus 1000 mm. Haarukoiden leveyden voi s\u00e4\u00e4t\u00e4\u00e4 350-900 mm v\u00e4lille. Nostosilm\u00e4n korkeuden voi s\u00e4\u00e4t\u00e4\u00e4 3 asentoon 1655-2355 v\u00e4lill\u00e4. Automaattinen asetus minimi kuormaksi 300 kg. Nosturi painaa 165 kg.  Itsest\u00e4\u00e4n tasapainottuva nostohaarukka lavojen k\u00e4sittelyyn. Mallista voi s\u00e4\u00e4t\u00e4\u00e4 korkeutta ja haarukoiden leveytt\u00e4, jotta se sopii kaikkiin tarpeisiin. Maksimi korkeus mihin tuotteen voi nostaa on 1300-2000 mm v\u00e4lill\u00e4.<\/p>\n","protected":false},"excerpt":{"rendered":"<p>CY 15 Haarukkanosturi, 1500 kg<\/p>\n","protected":false},"featured_media":0,"comment_status":"closed","ping_status":"closed","template":"","meta":[],"product_brand":[],"product_cat":[15],"product_tag":[143],"class_list":{"0":"post-303","1":"product","2":"type-product","3":"status-publish","5":"product_cat-uncategorized","6":"product_tag-haarukkanosturit","8":"first","9":"outofstock","10":"purchasable","11":"product-type-simple"},"jetpack_sharing_enabled":true,"_links":{"self":[{"href":"https:\/\/www.hypertera.com\/index.php?rest_route=\/wp\/v2\/product\/303","targetHints":{"allow":["GET"]}}],"collection":[{"href":"https:\/\/www.hypertera.com\/index.php?rest_route=\/wp\/v2\/product"}],"about":[{"href":"https:\/\/www.hypertera.com\/index.php?rest_route=\/wp\/v2\/types\/product"}],"replies":[{"embeddable":true,"href":"https:\/\/www.hypertera.com\/index.php?rest_route=%2Fwp%2Fv2%2Fcomments&post=303"}],"wp:attachment":[{"href":"https:\/\/www.hypertera.com\/index.php?rest_route=%2Fwp%2Fv2%2Fmedia&parent=303"}],"wp:term":[{"taxonomy":"product_brand","embeddable":true,"href":"https:\/\/www.hypertera.com\/index.php?rest_route=%2Fwp%2Fv2%2Fproduct_brand&post=303"},{"taxonomy":"product_cat","embeddable":true,"href":"https:\/\/www.hypertera.com\/index.php?rest_route=%2Fwp%2Fv2%2Fproduct_cat&post=303"},{"taxonomy":"product_tag","embeddable":true,"href":"https:\/\/www.hypertera.com\/index.php?rest_route=%2Fwp%2Fv2%2Fproduct_tag&post=303"}],"curies":[{"name":"wp","href":"https:\/\/api.w.org\/{rel}","templated":true}]}}