{"id":30,"date":"2022-07-21T13:38:01","date_gmt":"2022-07-21T13:38:01","guid":{"rendered":"https:\/\/www.hypertera.com\/?product=adapteri-hdmi-dvi-musta"},"modified":"2022-07-21T13:38:24","modified_gmt":"2022-07-21T13:38:24","slug":"adapteri-hdmi-dvi-musta","status":"publish","type":"product","link":"https:\/\/www.hypertera.com\/?product=adapteri-hdmi-dvi-musta","title":{"rendered":"Adapteri, HDMI-DVI, musta"},"content":{"rendered":"<p>HDMI-DVI Adapteri. HDMI on uusi digitaalisen videon ja audion liitinmalli. HDMI-DVI adapterilla voit liitt\u00e4\u00e4 DVI-liittimell\u00e4 olevan n\u00e4ytt\u00f6si HDMI liittimell\u00e4 toimivaan n\u00e4ytt\u00f6\u00f6n tai laitteeseen.<\/p>\n","protected":false},"excerpt":{"rendered":"<p>Musta HDMI-DVI Adapteri<\/p>\n","protected":false},"featured_media":31,"comment_status":"closed","ping_status":"closed","template":"","meta":[],"product_brand":[],"product_cat":[15],"product_tag":[27],"class_list":{"0":"post-30","1":"product","2":"type-product","3":"status-publish","4":"has-post-thumbnail","6":"product_cat-uncategorized","7":"product_tag-hdmi-dvi-adapterit","9":"first","10":"instock","11":"purchasable","12":"product-type-simple"},"jetpack_sharing_enabled":true,"_links":{"self":[{"href":"https:\/\/www.hypertera.com\/index.php?rest_route=\/wp\/v2\/product\/30","targetHints":{"allow":["GET"]}}],"collection":[{"href":"https:\/\/www.hypertera.com\/index.php?rest_route=\/wp\/v2\/product"}],"about":[{"href":"https:\/\/www.hypertera.com\/index.php?rest_route=\/wp\/v2\/types\/product"}],"replies":[{"embeddable":true,"href":"https:\/\/www.hypertera.com\/index.php?rest_route=%2Fwp%2Fv2%2Fcomments&post=30"}],"wp:featuredmedia":[{"embeddable":true,"href":"https:\/\/www.hypertera.com\/index.php?rest_route=\/wp\/v2\/media\/31"}],"wp:attachment":[{"href":"https:\/\/www.hypertera.com\/index.php?rest_route=%2Fwp%2Fv2%2Fmedia&parent=30"}],"wp:term":[{"taxonomy":"product_brand","embeddable":true,"href":"https:\/\/www.hypertera.com\/index.php?rest_route=%2Fwp%2Fv2%2Fproduct_brand&post=30"},{"taxonomy":"product_cat","embeddable":true,"href":"https:\/\/www.hypertera.com\/index.php?rest_route=%2Fwp%2Fv2%2Fproduct_cat&post=30"},{"taxonomy":"product_tag","embeddable":true,"href":"https:\/\/www.hypertera.com\/index.php?rest_route=%2Fwp%2Fv2%2Fproduct_tag&post=30"}],"curies":[{"name":"wp","href":"https:\/\/api.w.org\/{rel}","templated":true}]}}