{"id":2985,"date":"2022-07-21T15:37:26","date_gmt":"2022-07-21T15:37:26","guid":{"rendered":"https:\/\/www.hypertera.com\/?product=vga-johto-5-0m-uros-naaras-harmaa"},"modified":"2022-07-21T15:37:27","modified_gmt":"2022-07-21T15:37:27","slug":"vga-johto-5-0m-uros-naaras-harmaa","status":"publish","type":"product","link":"https:\/\/www.hypertera.com\/?product=vga-johto-5-0m-uros-naaras-harmaa","title":{"rendered":"VGA-johto, 5.0m, uros\/naaras, harmaa"},"content":{"rendered":"<p>VGA-johto uros\/naaras, taipuisa. 5.0 metri\u00e4 pitk\u00e4 VGA-kaapeli. Toisessa p\u00e4\u00e4ss\u00e4 HD15 (VGA) -urosliitin ja toisessa HD15 (VGA) -naarasliitin.  &#8211; kaikki pinnit kytketty  &#8211; kaapelin molemmissa p\u00e4iss\u00e4 ferriitit  &#8211; kaapelin halkaisija n. 5.7 mm<\/p>\n","protected":false},"excerpt":{"rendered":"<p>Harmaa 5.0m uros\/naaras VGA-johto<\/p>\n","protected":false},"featured_media":2986,"comment_status":"closed","ping_status":"closed","template":"","meta":[],"product_brand":[],"product_cat":[15],"product_tag":[869],"class_list":{"0":"post-2985","1":"product","2":"type-product","3":"status-publish","4":"has-post-thumbnail","6":"product_cat-uncategorized","7":"product_tag-vga-johdot","9":"first","10":"instock","11":"purchasable","12":"product-type-simple"},"jetpack_sharing_enabled":true,"_links":{"self":[{"href":"https:\/\/www.hypertera.com\/index.php?rest_route=\/wp\/v2\/product\/2985","targetHints":{"allow":["GET"]}}],"collection":[{"href":"https:\/\/www.hypertera.com\/index.php?rest_route=\/wp\/v2\/product"}],"about":[{"href":"https:\/\/www.hypertera.com\/index.php?rest_route=\/wp\/v2\/types\/product"}],"replies":[{"embeddable":true,"href":"https:\/\/www.hypertera.com\/index.php?rest_route=%2Fwp%2Fv2%2Fcomments&post=2985"}],"wp:featuredmedia":[{"embeddable":true,"href":"https:\/\/www.hypertera.com\/index.php?rest_route=\/wp\/v2\/media\/2986"}],"wp:attachment":[{"href":"https:\/\/www.hypertera.com\/index.php?rest_route=%2Fwp%2Fv2%2Fmedia&parent=2985"}],"wp:term":[{"taxonomy":"product_brand","embeddable":true,"href":"https:\/\/www.hypertera.com\/index.php?rest_route=%2Fwp%2Fv2%2Fproduct_brand&post=2985"},{"taxonomy":"product_cat","embeddable":true,"href":"https:\/\/www.hypertera.com\/index.php?rest_route=%2Fwp%2Fv2%2Fproduct_cat&post=2985"},{"taxonomy":"product_tag","embeddable":true,"href":"https:\/\/www.hypertera.com\/index.php?rest_route=%2Fwp%2Fv2%2Fproduct_tag&post=2985"}],"curies":[{"name":"wp","href":"https:\/\/api.w.org\/{rel}","templated":true}]}}