{"id":2965,"date":"2022-07-21T15:37:00","date_gmt":"2022-07-21T15:37:00","guid":{"rendered":"https:\/\/www.hypertera.com\/?product=varastokarry-425x765-mm-punainen"},"modified":"2022-07-21T15:37:02","modified_gmt":"2022-07-21T15:37:02","slug":"varastokarry-425x765-mm-punainen","status":"publish","type":"product","link":"https:\/\/www.hypertera.com\/?product=varastokarry-425x765-mm-punainen","title":{"rendered":"Varastok\u00e4rry, 425&#215;765 mm, punainen"},"content":{"rendered":"<p>Varastok\u00e4rry kahdella hyllyll\u00e4. K\u00e4rryss\u00e4 kiinte\u00e4 ter\u00e4s kehikko ja 10 mm paksu liimattu laminaatti p\u00f6yt\u00e4levy. Varastok\u00e4rryn kapasiteetti 150 kg tasaisesti levitettyn\u00e4. Toimitetaan osina. K\u00e4rryyn kuuluu 4 kumip\u00e4\u00e4llysteist\u00e4 k\u00e4\u00e4ntyv\u00e4\u00e4 py\u00f6r\u00e4\u00e4. Kahdessa py\u00f6r\u00e4ss\u00e4 on jarru.   Alalevyn kapasiteetti 75 kg, samoin yl\u00e4levyn. Levyn koko 425&#215;765 mm. Kokonaispituus 830 mm, -leveys 465 ja -korkeus 985 mm. Hyllyjen v\u00e4linen korkeus 515 mm. Py\u00f6rien halkaisija 125 mm. Varastok\u00e4rryn paino 14 kg ja v\u00e4ri punainen. Saatavissa useissa v\u00e4reiss\u00e4.<\/p>\n","protected":false},"excerpt":{"rendered":"<p>punainen Varastok\u00e4rry, 425&#215;765 mm<\/p>\n","protected":false},"featured_media":2966,"comment_status":"closed","ping_status":"closed","template":"","meta":[],"product_brand":[],"product_cat":[16,618,366],"product_tag":[865],"class_list":{"0":"post-2965","1":"product","2":"type-product","3":"status-publish","4":"has-post-thumbnail","6":"product_cat-tuotteet","7":"product_cat-varastokarryt-varastoon-tuotteet","8":"product_cat-varastoon-tuotteet","9":"product_tag-varastokarryt","11":"first","12":"outofstock","13":"purchasable","14":"product-type-simple"},"jetpack_sharing_enabled":true,"_links":{"self":[{"href":"https:\/\/www.hypertera.com\/index.php?rest_route=\/wp\/v2\/product\/2965","targetHints":{"allow":["GET"]}}],"collection":[{"href":"https:\/\/www.hypertera.com\/index.php?rest_route=\/wp\/v2\/product"}],"about":[{"href":"https:\/\/www.hypertera.com\/index.php?rest_route=\/wp\/v2\/types\/product"}],"replies":[{"embeddable":true,"href":"https:\/\/www.hypertera.com\/index.php?rest_route=%2Fwp%2Fv2%2Fcomments&post=2965"}],"wp:featuredmedia":[{"embeddable":true,"href":"https:\/\/www.hypertera.com\/index.php?rest_route=\/wp\/v2\/media\/2966"}],"wp:attachment":[{"href":"https:\/\/www.hypertera.com\/index.php?rest_route=%2Fwp%2Fv2%2Fmedia&parent=2965"}],"wp:term":[{"taxonomy":"product_brand","embeddable":true,"href":"https:\/\/www.hypertera.com\/index.php?rest_route=%2Fwp%2Fv2%2Fproduct_brand&post=2965"},{"taxonomy":"product_cat","embeddable":true,"href":"https:\/\/www.hypertera.com\/index.php?rest_route=%2Fwp%2Fv2%2Fproduct_cat&post=2965"},{"taxonomy":"product_tag","embeddable":true,"href":"https:\/\/www.hypertera.com\/index.php?rest_route=%2Fwp%2Fv2%2Fproduct_tag&post=2965"}],"curies":[{"name":"wp","href":"https:\/\/api.w.org\/{rel}","templated":true}]}}