{"id":2963,"date":"2022-07-21T15:37:00","date_gmt":"2022-07-21T15:37:00","guid":{"rendered":"https:\/\/www.hypertera.com\/?product=x-valoteltta-linkstar-60x60x60-cmpoistunut"},"modified":"2022-07-21T15:37:01","modified_gmt":"2022-07-21T15:37:01","slug":"x-valoteltta-linkstar-60x60x60-cmpoistunut","status":"publish","type":"product","link":"https:\/\/www.hypertera.com\/?product=x-valoteltta-linkstar-60x60x60-cmpoistunut","title":{"rendered":"X Valoteltta, Linkstar, 60x60x60 cm(POISTUNUT)"},"content":{"rendered":"<p>Valkoinen valokuvausteltta valoa l\u00e4p\u00e4isevill\u00e4 diffuusioseinill\u00e4. Mitat ovat 60x60x60 cm ja teltta on helppo taittaa kasaan, jolloin voit asettaa sen mukana tulevaan suojaan sis\u00e4lle. Diffuusioteltta on eritt\u00e4in hy\u00f6dyllinen esineiden valokuvaukseen. Valaisemalla esineet teltan ulkopuolelta saat sis\u00e4lle tasaisen valaistuksen. Lis\u00e4ksi vaaleat pinnat tekev\u00e4t heijastavista pinnoista paremman n\u00e4k\u00f6iset. Teltan etusein\u00e4\u00e4n tulee mukana suojakangas, jossa on aukko kameralle, ja v\u00e4lt\u00e4t etuaukosta n\u00e4kyvien asioiden heijastumisen tuotteista, sek\u00e4 est\u00e4t ei-toivottujen valons\u00e4teiden p\u00e4\u00e4syn sis\u00e4lle telttaan.   Mukana tulee suojakuori kokoontaitetulle teltalle ja sininen taustakangas.<\/p>\n","protected":false},"excerpt":{"rendered":"<p>Linkstar 60x60x60 cm Valoteltta<\/p>\n","protected":false},"featured_media":2964,"comment_status":"closed","ping_status":"closed","template":"","meta":[],"product_brand":[],"product_cat":[15],"product_tag":[863],"class_list":{"0":"post-2963","1":"product","2":"type-product","3":"status-publish","4":"has-post-thumbnail","6":"product_cat-uncategorized","7":"product_tag-valoteltat","9":"first","10":"instock","11":"purchasable","12":"product-type-simple"},"jetpack_sharing_enabled":true,"_links":{"self":[{"href":"https:\/\/www.hypertera.com\/index.php?rest_route=\/wp\/v2\/product\/2963","targetHints":{"allow":["GET"]}}],"collection":[{"href":"https:\/\/www.hypertera.com\/index.php?rest_route=\/wp\/v2\/product"}],"about":[{"href":"https:\/\/www.hypertera.com\/index.php?rest_route=\/wp\/v2\/types\/product"}],"replies":[{"embeddable":true,"href":"https:\/\/www.hypertera.com\/index.php?rest_route=%2Fwp%2Fv2%2Fcomments&post=2963"}],"wp:featuredmedia":[{"embeddable":true,"href":"https:\/\/www.hypertera.com\/index.php?rest_route=\/wp\/v2\/media\/2964"}],"wp:attachment":[{"href":"https:\/\/www.hypertera.com\/index.php?rest_route=%2Fwp%2Fv2%2Fmedia&parent=2963"}],"wp:term":[{"taxonomy":"product_brand","embeddable":true,"href":"https:\/\/www.hypertera.com\/index.php?rest_route=%2Fwp%2Fv2%2Fproduct_brand&post=2963"},{"taxonomy":"product_cat","embeddable":true,"href":"https:\/\/www.hypertera.com\/index.php?rest_route=%2Fwp%2Fv2%2Fproduct_cat&post=2963"},{"taxonomy":"product_tag","embeddable":true,"href":"https:\/\/www.hypertera.com\/index.php?rest_route=%2Fwp%2Fv2%2Fproduct_tag&post=2963"}],"curies":[{"name":"wp","href":"https:\/\/api.w.org\/{rel}","templated":true}]}}