{"id":2961,"date":"2022-07-21T15:36:41","date_gmt":"2022-07-21T15:36:41","guid":{"rendered":"https:\/\/www.hypertera.com\/?product=valokuvaustuoli"},"modified":"2022-07-21T15:36:57","modified_gmt":"2022-07-21T15:36:57","slug":"valokuvaustuoli","status":"publish","type":"product","link":"https:\/\/www.hypertera.com\/?product=valokuvaustuoli","title":{"rendered":"Valokuvaustuoli"},"content":{"rendered":"<p>K\u00e4yt\u00e4nn\u00f6llinen tuoli valokuvausstudiolle esimerkiksi passikuvien ottoa varten. Tuolin ja jalkatuen korkeutta voidaan s\u00e4\u00e4t\u00e4\u00e4 n. 50 &#8211; 80 cm v\u00e4lill\u00e4. Istuimen halkaisija n. 30 cm, istuimessa on ilmajousitus ja se py\u00f6rii 360 astetta.<\/p>\n","protected":false},"excerpt":{"rendered":"<p>Valokuvaustuoli<\/p>\n","protected":false},"featured_media":2962,"comment_status":"closed","ping_status":"closed","template":"","meta":[],"product_brand":[],"product_cat":[15],"product_tag":[864],"class_list":{"0":"post-2961","1":"product","2":"type-product","3":"status-publish","4":"has-post-thumbnail","6":"product_cat-uncategorized","7":"product_tag-valokuvaustuolit","9":"first","10":"instock","11":"purchasable","12":"product-type-simple"},"jetpack_sharing_enabled":true,"_links":{"self":[{"href":"https:\/\/www.hypertera.com\/index.php?rest_route=\/wp\/v2\/product\/2961","targetHints":{"allow":["GET"]}}],"collection":[{"href":"https:\/\/www.hypertera.com\/index.php?rest_route=\/wp\/v2\/product"}],"about":[{"href":"https:\/\/www.hypertera.com\/index.php?rest_route=\/wp\/v2\/types\/product"}],"replies":[{"embeddable":true,"href":"https:\/\/www.hypertera.com\/index.php?rest_route=%2Fwp%2Fv2%2Fcomments&post=2961"}],"wp:featuredmedia":[{"embeddable":true,"href":"https:\/\/www.hypertera.com\/index.php?rest_route=\/wp\/v2\/media\/2962"}],"wp:attachment":[{"href":"https:\/\/www.hypertera.com\/index.php?rest_route=%2Fwp%2Fv2%2Fmedia&parent=2961"}],"wp:term":[{"taxonomy":"product_brand","embeddable":true,"href":"https:\/\/www.hypertera.com\/index.php?rest_route=%2Fwp%2Fv2%2Fproduct_brand&post=2961"},{"taxonomy":"product_cat","embeddable":true,"href":"https:\/\/www.hypertera.com\/index.php?rest_route=%2Fwp%2Fv2%2Fproduct_cat&post=2961"},{"taxonomy":"product_tag","embeddable":true,"href":"https:\/\/www.hypertera.com\/index.php?rest_route=%2Fwp%2Fv2%2Fproduct_tag&post=2961"}],"curies":[{"name":"wp","href":"https:\/\/api.w.org\/{rel}","templated":true}]}}