{"id":2959,"date":"2022-07-21T15:36:41","date_gmt":"2022-07-21T15:36:41","guid":{"rendered":"https:\/\/www.hypertera.com\/?product=valokuvausteltta-40x40-cm-musta"},"modified":"2022-07-21T15:36:55","modified_gmt":"2022-07-21T15:36:55","slug":"valokuvausteltta-40x40-cm-musta","status":"publish","type":"product","link":"https:\/\/www.hypertera.com\/?product=valokuvausteltta-40x40-cm-musta","title":{"rendered":"Valokuvausteltta 40&#215;40 cm, musta"},"content":{"rendered":"<p>Musta ja valoa l\u00e4p\u00e4isem\u00e4t\u00f6n valokuvausteltta, esimerkiksi esineiden valokuvaukseen. Erityisen hy\u00f6dyllinen musta teltta on vaaleiden esineiden ja heijastavien pintojen valokuvaukseen. Teltta on helposti taitettavissa kokoon, ja mukan tulee kuljetuslaukku. Mukana tulee my\u00f6s sinen taustakangas. Teltan mitat ovat 40 x 40 x 40 cm.<\/p>\n","protected":false},"excerpt":{"rendered":"<p>Valokuvausteltta 40&#215;40 cm musta<\/p>\n","protected":false},"featured_media":2960,"comment_status":"closed","ping_status":"closed","template":"","meta":[],"product_brand":[],"product_cat":[15],"product_tag":[863],"class_list":{"0":"post-2959","1":"product","2":"type-product","3":"status-publish","4":"has-post-thumbnail","6":"product_cat-uncategorized","7":"product_tag-valoteltat","9":"first","10":"instock","11":"purchasable","12":"product-type-simple"},"jetpack_sharing_enabled":true,"_links":{"self":[{"href":"https:\/\/www.hypertera.com\/index.php?rest_route=\/wp\/v2\/product\/2959","targetHints":{"allow":["GET"]}}],"collection":[{"href":"https:\/\/www.hypertera.com\/index.php?rest_route=\/wp\/v2\/product"}],"about":[{"href":"https:\/\/www.hypertera.com\/index.php?rest_route=\/wp\/v2\/types\/product"}],"replies":[{"embeddable":true,"href":"https:\/\/www.hypertera.com\/index.php?rest_route=%2Fwp%2Fv2%2Fcomments&post=2959"}],"wp:featuredmedia":[{"embeddable":true,"href":"https:\/\/www.hypertera.com\/index.php?rest_route=\/wp\/v2\/media\/2960"}],"wp:attachment":[{"href":"https:\/\/www.hypertera.com\/index.php?rest_route=%2Fwp%2Fv2%2Fmedia&parent=2959"}],"wp:term":[{"taxonomy":"product_brand","embeddable":true,"href":"https:\/\/www.hypertera.com\/index.php?rest_route=%2Fwp%2Fv2%2Fproduct_brand&post=2959"},{"taxonomy":"product_cat","embeddable":true,"href":"https:\/\/www.hypertera.com\/index.php?rest_route=%2Fwp%2Fv2%2Fproduct_cat&post=2959"},{"taxonomy":"product_tag","embeddable":true,"href":"https:\/\/www.hypertera.com\/index.php?rest_route=%2Fwp%2Fv2%2Fproduct_tag&post=2959"}],"curies":[{"name":"wp","href":"https:\/\/api.w.org\/{rel}","templated":true}]}}