{"id":2957,"date":"2022-07-21T15:36:41","date_gmt":"2022-07-21T15:36:41","guid":{"rendered":"https:\/\/www.hypertera.com\/?product=valokuvaustausta-148x200-cm-sininen"},"modified":"2022-07-21T15:36:54","modified_gmt":"2022-07-21T15:36:54","slug":"valokuvaustausta-148x200-cm-sininen","status":"publish","type":"product","link":"https:\/\/www.hypertera.com\/?product=valokuvaustausta-148x200-cm-sininen","title":{"rendered":"Valokuvaustausta, 148&#215;200 cm, sininen"},"content":{"rendered":"<p>Kokoontaittuva, sininen valokuvaus- \/videokuvaustausta. Koko on 148&#215;200 cm, ja metallinen reunusta pakottaa kankaan tasaiseksi ja kire\u00e4ksi. Mukana tulee kuljetustasku, johon voit taustakankaan asettaa kokoontaitettuna. Yksiv\u00e4rinen, tasainen tausta on hy\u00f6dyllinen niin valokuvauksessa kuin videokuvauksessa, jotta tausta ei vie huomiota itse kohteesta. Kankaassa on toisessa lyhyess\u00e4 reunassa yksi lenkki, ja pitk\u00e4ll\u00e4 reunustalla kaksi lenkki\u00e4, taustan kiinnitt\u00e4miseksi vaakatankoihin.<\/p>\n","protected":false},"excerpt":{"rendered":"<p>Sininen 148&#215;200 cm Valokuvaustausta<\/p>\n","protected":false},"featured_media":2958,"comment_status":"closed","ping_status":"closed","template":"","meta":[],"product_brand":[],"product_cat":[15],"product_tag":[388],"class_list":{"0":"post-2957","1":"product","2":"type-product","3":"status-publish","4":"has-post-thumbnail","6":"product_cat-uncategorized","7":"product_tag-valokuvaustaustat","9":"first","10":"instock","11":"purchasable","12":"product-type-simple"},"jetpack_sharing_enabled":true,"_links":{"self":[{"href":"https:\/\/www.hypertera.com\/index.php?rest_route=\/wp\/v2\/product\/2957","targetHints":{"allow":["GET"]}}],"collection":[{"href":"https:\/\/www.hypertera.com\/index.php?rest_route=\/wp\/v2\/product"}],"about":[{"href":"https:\/\/www.hypertera.com\/index.php?rest_route=\/wp\/v2\/types\/product"}],"replies":[{"embeddable":true,"href":"https:\/\/www.hypertera.com\/index.php?rest_route=%2Fwp%2Fv2%2Fcomments&post=2957"}],"wp:featuredmedia":[{"embeddable":true,"href":"https:\/\/www.hypertera.com\/index.php?rest_route=\/wp\/v2\/media\/2958"}],"wp:attachment":[{"href":"https:\/\/www.hypertera.com\/index.php?rest_route=%2Fwp%2Fv2%2Fmedia&parent=2957"}],"wp:term":[{"taxonomy":"product_brand","embeddable":true,"href":"https:\/\/www.hypertera.com\/index.php?rest_route=%2Fwp%2Fv2%2Fproduct_brand&post=2957"},{"taxonomy":"product_cat","embeddable":true,"href":"https:\/\/www.hypertera.com\/index.php?rest_route=%2Fwp%2Fv2%2Fproduct_cat&post=2957"},{"taxonomy":"product_tag","embeddable":true,"href":"https:\/\/www.hypertera.com\/index.php?rest_route=%2Fwp%2Fv2%2Fproduct_tag&post=2957"}],"curies":[{"name":"wp","href":"https:\/\/api.w.org\/{rel}","templated":true}]}}