{"id":2951,"date":"2022-07-21T15:36:27","date_gmt":"2022-07-21T15:36:27","guid":{"rendered":"https:\/\/www.hypertera.com\/?product=valokuvauspoyta-linkstar-b-609-60x90-cm"},"modified":"2022-07-21T15:36:36","modified_gmt":"2022-07-21T15:36:36","slug":"valokuvauspoyta-linkstar-b-609-60x90-cm","status":"publish","type":"product","link":"https:\/\/www.hypertera.com\/?product=valokuvauspoyta-linkstar-b-609-60x90-cm","title":{"rendered":"Valokuvausp\u00f6yt\u00e4, Linkstar B-609, 60&#215;90 cm"},"content":{"rendered":"<p>K\u00e4yt\u00e4nn\u00f6llisen kokoinen valokuvausp\u00f6yt\u00e4 lyhyill\u00e4 jaloilla, jolloin se sopii mille tahansa p\u00f6yd\u00e4lle. T\u00e4m\u00e4n kuvausp\u00f6yd\u00e4n avulla saat tasaisen vaalean taustan helposti. P\u00f6yd\u00e4n mitat ovat 60&#215;90 cm. Ty\u00f6skentelykorkeus on 16 cm. Putkien halkaisija on 16 mm. Mukana ei tule valaisimia.<\/p>\n","protected":false},"excerpt":{"rendered":"<p>Linkstar B-609 60&#215;90 cm Valokuvausp\u00f6yt\u00e4<\/p>\n","protected":false},"featured_media":2952,"comment_status":"closed","ping_status":"closed","template":"","meta":[],"product_brand":[],"product_cat":[15],"product_tag":[862],"class_list":{"0":"post-2951","1":"product","2":"type-product","3":"status-publish","4":"has-post-thumbnail","6":"product_cat-uncategorized","7":"product_tag-valokuvauspoydat","9":"first","10":"instock","11":"purchasable","12":"product-type-simple"},"jetpack_sharing_enabled":true,"_links":{"self":[{"href":"https:\/\/www.hypertera.com\/index.php?rest_route=\/wp\/v2\/product\/2951","targetHints":{"allow":["GET"]}}],"collection":[{"href":"https:\/\/www.hypertera.com\/index.php?rest_route=\/wp\/v2\/product"}],"about":[{"href":"https:\/\/www.hypertera.com\/index.php?rest_route=\/wp\/v2\/types\/product"}],"replies":[{"embeddable":true,"href":"https:\/\/www.hypertera.com\/index.php?rest_route=%2Fwp%2Fv2%2Fcomments&post=2951"}],"wp:featuredmedia":[{"embeddable":true,"href":"https:\/\/www.hypertera.com\/index.php?rest_route=\/wp\/v2\/media\/2952"}],"wp:attachment":[{"href":"https:\/\/www.hypertera.com\/index.php?rest_route=%2Fwp%2Fv2%2Fmedia&parent=2951"}],"wp:term":[{"taxonomy":"product_brand","embeddable":true,"href":"https:\/\/www.hypertera.com\/index.php?rest_route=%2Fwp%2Fv2%2Fproduct_brand&post=2951"},{"taxonomy":"product_cat","embeddable":true,"href":"https:\/\/www.hypertera.com\/index.php?rest_route=%2Fwp%2Fv2%2Fproduct_cat&post=2951"},{"taxonomy":"product_tag","embeddable":true,"href":"https:\/\/www.hypertera.com\/index.php?rest_route=%2Fwp%2Fv2%2Fproduct_tag&post=2951"}],"curies":[{"name":"wp","href":"https:\/\/api.w.org\/{rel}","templated":true}]}}