{"id":2929,"date":"2022-07-21T15:35:58","date_gmt":"2022-07-21T15:35:58","guid":{"rendered":"https:\/\/www.hypertera.com\/?product=valkotaulun-puhdistussuihke-250ml"},"modified":"2022-07-21T15:36:06","modified_gmt":"2022-07-21T15:36:06","slug":"valkotaulun-puhdistussuihke-250ml","status":"publish","type":"product","link":"https:\/\/www.hypertera.com\/?product=valkotaulun-puhdistussuihke-250ml","title":{"rendered":"Valkotaulun puhdistussuihke, 250ml"},"content":{"rendered":"<p>Suihkuta ja pyyhi. Poistaa lian ja rasvan kaikilta kovilta pinnoilta ja puhdistaa valkotaulun. Voit suihkuttaa suoraan valkotaululle ja pyyhki\u00e4 niin kuivilla pyyhkeill\u00e4 kuin valkotaulun pyyhkimell\u00e4. Sis\u00e4lt\u00e4\u00e4 pesunestetiivistett\u00e4.<\/p>\n","protected":false},"excerpt":{"rendered":"<p>Valkotaulun puhdistussuihke, 250ml<\/p>\n","protected":false},"featured_media":2930,"comment_status":"closed","ping_status":"closed","template":"","meta":[],"product_brand":[],"product_cat":[15],"product_tag":[853],"class_list":{"0":"post-2929","1":"product","2":"type-product","3":"status-publish","4":"has-post-thumbnail","6":"product_cat-uncategorized","7":"product_tag-valkotaulun-puhdistussuihkeet","9":"first","10":"instock","11":"purchasable","12":"product-type-simple"},"jetpack_sharing_enabled":true,"_links":{"self":[{"href":"https:\/\/www.hypertera.com\/index.php?rest_route=\/wp\/v2\/product\/2929","targetHints":{"allow":["GET"]}}],"collection":[{"href":"https:\/\/www.hypertera.com\/index.php?rest_route=\/wp\/v2\/product"}],"about":[{"href":"https:\/\/www.hypertera.com\/index.php?rest_route=\/wp\/v2\/types\/product"}],"replies":[{"embeddable":true,"href":"https:\/\/www.hypertera.com\/index.php?rest_route=%2Fwp%2Fv2%2Fcomments&post=2929"}],"wp:featuredmedia":[{"embeddable":true,"href":"https:\/\/www.hypertera.com\/index.php?rest_route=\/wp\/v2\/media\/2930"}],"wp:attachment":[{"href":"https:\/\/www.hypertera.com\/index.php?rest_route=%2Fwp%2Fv2%2Fmedia&parent=2929"}],"wp:term":[{"taxonomy":"product_brand","embeddable":true,"href":"https:\/\/www.hypertera.com\/index.php?rest_route=%2Fwp%2Fv2%2Fproduct_brand&post=2929"},{"taxonomy":"product_cat","embeddable":true,"href":"https:\/\/www.hypertera.com\/index.php?rest_route=%2Fwp%2Fv2%2Fproduct_cat&post=2929"},{"taxonomy":"product_tag","embeddable":true,"href":"https:\/\/www.hypertera.com\/index.php?rest_route=%2Fwp%2Fv2%2Fproduct_tag&post=2929"}],"curies":[{"name":"wp","href":"https:\/\/api.w.org\/{rel}","templated":true}]}}